{"id":1023,"date":"2022-09-21T10:17:53","date_gmt":"2022-09-21T10:17:53","guid":{"rendered":"http:\/\/buscoempleo.cepymearagon.es\/?page_id=1023"},"modified":"2023-10-03T07:33:08","modified_gmt":"2023-10-03T07:33:08","slug":"pamur","status":"publish","type":"page","link":"https:\/\/buscoempleo.cepymearagon.es\/index.php\/pamur\/","title":{"rendered":"PAMUR"},"content":{"rendered":"<p>[vc_row row_type=\u00bbparallax\u00bb parallax_content_width=\u00bbfull_width\u00bb text_align=\u00bbleft\u00bb background_image=\u00bb1033&#8243; full_screen_section_height=\u00bbyes\u00bb][vc_column css=\u00bb.vc_custom_1663761147491{padding-left: 40px !important;}\u00bb][icons icon=\u00bbfa-home\u00bb size=\u00bbfa-3x\u00bb type=\u00bbcircle\u00bb position=\u00bbleft\u00bb link=\u00bbhttps:\/\/buscoempleo.cepymearagon.es\u00bb target=\u00bb_self\u00bb icon_color=\u00bb#f38c6f\u00bb icon_hover_color=\u00bb#ffffff\u00bb background_color=\u00bb#ffffff\u00bb hover_background_color=\u00bb#f38c6f\u00bb margin=\u00bb50&#8243;][vc_empty_space height=\u00bb120px\u00bb][vc_empty_space height=\u00bb120px\u00bb][vc_row_inner row_type=\u00bbrow\u00bb type=\u00bbgrid\u00bb text_align=\u00bbleft\u00bb css_animation=\u00bb\u00bb][vc_column_inner][vc_empty_space height=\u00bb40px\u00bb][\/vc_column_inner][\/vc_row_inner][\/vc_column][\/vc_row][vc_row css_animation=\u00bb\u00bb row_type=\u00bbrow\u00bb use_row_as_full_screen_section=\u00bbno\u00bb type=\u00bbgrid\u00bb angled_section=\u00bbno\u00bb text_align=\u00bbleft\u00bb background_image_as_pattern=\u00bbwithout_pattern\u00bb z_index=\u00bb\u00bb][vc_column][vc_empty_space height=\u00bb40px\u00bb][custom_font font_family=\u00bbRoboto\u00bb font_size=\u00bb30&#8243; line_height=\u00bb40&#8243; font_style=\u00bbnormal\u00bb text_align=\u00bbleft\u00bb font_weight=\u00bb900&#8243; text_decoration=\u00bbnone\u00bb text_shadow=\u00bbyes\u00bb padding=\u00bb100&#8243; color=\u00bb#144733&#8243;]<\/p>\n<h2><span style=\"color: #f78c6f;\">PAMUR:<\/span><br \/>\n<span style=\"color: #f78c6f;\"><strong>\u00abPrograma de Apoyo a Mujeres en los \u00e1mbitos rural y urbano\u00bb<\/strong><\/span><\/h2>\n<p>[\/custom_font][vc_separator type=\u00bbnormal\u00bb color=\u00bb#f78c6f\u00bb][custom_font font_family=\u00bbRoboto\u00bb font_size=\u00bb30&#8243; line_height=\u00bb40&#8243; font_style=\u00bbnormal\u00bb text_align=\u00bbleft\u00bb font_weight=\u00bb900&#8243; text_decoration=\u00bbnone\u00bb text_shadow=\u00bbyes\u00bb padding=\u00bb100&#8243; color=\u00bb#144733&#8243;]<span style=\"color: #1b3444;\"><strong>Si eres mujer y est\u00e1s buscando empleo, Cepyme puede ayudarte a conseguirlo a trav\u00e9s del programa\u00a0de \u201cApoyo a mujeres en los \u00e1mbitos rural y urbano\u201d <\/strong><strong> en el marco del Plan de Recuperaci\u00f3n, Transformaci\u00f3n y Resiliencia, en colaboraci\u00f3n con INAEM y financiado por la Uni\u00f3n Europea (NEXTGenerationEU)<\/strong><\/span>[\/custom_font][vc_empty_space height=\u00bb40px\u00bb][vc_row_inner row_type=\u00bbrow\u00bb type=\u00bbfull_width\u00bb text_align=\u00bbleft\u00bb css_animation=\u00bb\u00bb][vc_column_inner width=\u00bb3\/5&#8243;][custom_font font_family=\u00bbRoboto\u00bb font_size=\u00bb30&#8243; line_height=\u00bb70&#8243; font_style=\u00bbnormal\u00bb text_align=\u00bbleft\u00bb font_weight=\u00bb900&#8243; text_decoration=\u00bbnone\u00bb text_shadow=\u00bbyes\u00bb padding=\u00bb100&#8243; color=\u00bb#144733&#8243;]<span style=\"color: #f78c6f;\"><strong>\u00bfQui\u00e9n puede participar?<\/strong><\/span>[\/custom_font][vc_column_text]<\/p>\n<ul>\n<li>Mujeres mayores de 18 a\u00f1os.<\/li>\n<li>Que est\u00e9n desempleadas e inscritas como demandante de empleo en INAEM.<\/li>\n<li>Ser residentes en los municipios de Zaragoza, Cadrete, Muel o Botorrita.<\/li>\n<\/ul>\n<p>[\/vc_column_text][custom_font font_family=\u00bbRoboto\u00bb font_size=\u00bb30&#8243; line_height=\u00bb70&#8243; font_style=\u00bbnormal\u00bb text_align=\u00bbleft\u00bb font_weight=\u00bb900&#8243; text_decoration=\u00bbnone\u00bb text_shadow=\u00bbyes\u00bb padding=\u00bb100&#8243; color=\u00bb#144733&#8243;]<span style=\"color: #f78c6f;\"><strong>\u00bfQu\u00e9 te ofrece el programa?<\/strong><\/span>[\/custom_font][vc_column_text]Durante los\u00a0<strong>12 meses<\/strong>\u00a0que dura el programa, recibir\u00e1s asesoramiento y apoyo con el objetivo de conseguir empleo siempre adapt\u00e1ndonos a tus necesidades y circunstancias.[\/vc_column_text][custom_font font_family=\u00bbRoboto\u00bb font_size=\u00bb30&#8243; line_height=\u00bb70&#8243; font_style=\u00bbnormal\u00bb text_align=\u00bbleft\u00bb font_weight=\u00bb900&#8243; text_decoration=\u00bbnone\u00bb text_shadow=\u00bbyes\u00bb padding=\u00bb100&#8243; color=\u00bb#144733&#8243;]<span style=\"color: #f78c6f;\"><strong>\u00bfC\u00f3mo te ayudamos?<\/strong><\/span>[\/custom_font][vc_column_text]<\/p>\n<ul>\n<li>Servicio gratuito de Tutor\u00edas personalizadas para ayudarte y asesorarte.<\/li>\n<li>Orientaci\u00f3n y formaci\u00f3n para mejorar tu empleabilidad.<\/li>\n<li>Talleres de competencias transversales, de empoderamiento y refuerzo a la igualdad.<\/li>\n<li>Talleres de alfabetizaci\u00f3n digital<\/li>\n<li>Acompa\u00f1amiento y apoyo profesional durante todo el programa.<\/li>\n<li>Prospecci\u00f3n y captaci\u00f3n de ofertas de empleo acordes al perfil profesional de las mujeres participantes.<\/li>\n<li>Herramientas necesarias para conseguir logros y tu inserci\u00f3n.<\/li>\n<li>Vamos a estar disponibles para ti siempre que lo necesites.<\/li>\n<\/ul>\n<p>[\/vc_column_text][vc_empty_space height=\u00bb20px\u00bb][custom_font font_family=\u00bbRoboto\u00bb font_size=\u00bb30&#8243; line_height=\u00bb70&#8243; font_style=\u00bbnormal\u00bb text_align=\u00bbcenter\u00bb font_weight=\u00bb900&#8243; text_decoration=\u00bbnone\u00bb text_shadow=\u00bbyes\u00bb padding=\u00bb100&#8243; color=\u00bb#ffffff\u00bb background_color=\u00bb#1b3444&#8243;]<strong>CONTACTO<\/strong>[\/custom_font][vc_column_text css=\u00bb.vc_custom_1663756925505{padding-right: 20px !important;padding-bottom: 20px !important;padding-left: 20px !important;background-color: #1b3444 !important;}\u00bb]<\/p>\n<p style=\"text-align: center;\"><span style=\"color: #ffffff;\">Ll\u00e1manos al tel\u00e9fono<strong> 976 76 60 60<\/strong> o <strong>rellena este formulario<\/strong><br \/>\ny te contaremos c\u00f3mo participar en este innovador proyecto.<\/span><\/p>\n<p>[\/vc_column_text][vc_empty_space height=\u00bb20px\u00bb][custom_font font_family=\u00bbRoboto\u00bb font_size=\u00bb30&#8243; line_height=\u00bb70&#8243; font_style=\u00bbnormal\u00bb text_align=\u00bbleft\u00bb font_weight=\u00bb900&#8243; text_decoration=\u00bbnone\u00bb text_shadow=\u00bbyes\u00bb padding=\u00bb100&#8243; color=\u00bb#144733&#8243;]<span style=\"color: #f78c6f;\"><strong>\u00bfY si tengo una empresa?<\/strong><\/span>[\/custom_font][vc_column_text]\u00a1Tambi\u00e9n puedes participar! Nos interesa conocer tus necesidades de personal.<\/p>\n<p>Podemos facilitarte:<\/p>\n<ul>\n<li>Mujeres cualificadas dispuestas a trabajar y cubrir tus necesidades.<\/li>\n<li>Difusi\u00f3n de tus necesidades de personal a trav\u00e9s de nuestra agencia de colocaci\u00f3n.<\/li>\n<\/ul>\n<p>Ll\u00e1manos al tel\u00e9fono <strong>976 76 60 60<\/strong>\u00a0o env\u00edanos un correo electr\u00f3nico a\u00a0<strong>empleo@cepymearagon.es\u00a0<\/strong>y te contaremos c\u00f3mo beneficiarte de este innovador proyecto.[\/vc_column_text][vc_empty_space height=\u00bb20px\u00bb][custom_font font_family=\u00bbRoboto\u00bb font_size=\u00bb30&#8243; line_height=\u00bb70&#8243; font_style=\u00bbnormal\u00bb text_align=\u00bbleft\u00bb font_weight=\u00bb900&#8243; text_decoration=\u00bbnone\u00bb text_shadow=\u00bbyes\u00bb padding=\u00bb100&#8243; color=\u00bb#144733&#8243;]<span style=\"color: #f78c6f;\"><strong>\u00a1Quiero participar!<\/strong><\/span>[\/custom_font][vc_column_text]<strong>Completa el formulario<\/strong> con tus datos y te llamaremos.[\/vc_column_text][vc_empty_space height=\u00bb40px\u00bb][\/vc_column_inner][vc_column_inner width=\u00bb2\/5&#8243; css=\u00bb.vc_custom_1663755847748{background-color: #1b3444 !important;border-radius: 15px !important;}\u00bb][custom_font font_family=\u00bbRoboto\u00bb font_size=\u00bb30&#8243; line_height=\u00bb70&#8243; font_style=\u00bbnormal\u00bb text_align=\u00bbleft\u00bb font_weight=\u00bb900&#8243; text_decoration=\u00bbnone\u00bb text_shadow=\u00bbyes\u00bb padding=\u00bb100&#8243; color=\u00bb#ffffff\u00bb]Formulario de Inscripci\u00f3n[\/custom_font][vc_empty_space height=\u00bb30px\u00bb][vc_text_separator title=\u00bbINSCRIPCIONES CERRADAS\u00bb border=\u00bbno\u00bb][vc_empty_space height=\u00bb20px\u00bb][vc_column_text]<span style=\"color: #ffffff;\"><strong>DATOS DE CAR\u00c1CTER PERSONAL<br \/>\n<\/strong><strong>RESPONSABLE:<\/strong>\u00a0CEPYME Arag\u00f3n.<\/span><br \/>\n<span style=\"color: #ffffff;\">Direcci\u00f3n postal: Pza Roma, F1 oficinas, 2\u00aa planta (50010 \u2013 ZARAGOZA).<\/span><br \/>\n<span style=\"color: #ffffff;\">Tel\u00e9fono: 976766060.<\/span><br \/>\n<span style=\"color: #ffffff;\">Correo electr\u00f3nico:\u00a0<a class=\"textosmini\" style=\"color: #ffffff;\" href=\"mailto:cepyme@cepymearagon.es\">cepyme@cepymearagon.es<br \/>\n<\/a><strong>En nombre CEPYME Arag\u00f3n tratamos la informaci\u00f3n que nos facilita con el fin de prestarles el servicio solicitado e informarles sobre el mismo y realizar, en su caso, la facturaci\u00f3n. Los datos proporcionados se conservar\u00e1n mientras se mantenga la relaci\u00f3n de servicio o comercial, o durante los a\u00f1os necesarios para cumplir con las obligaciones legales. Los datos no se ceder\u00e1n a terceros salvo en los casos en que exista una obligaci\u00f3n legal. Usted tiene derecho a obtener confirmaci\u00f3n sobre si en CEPYME Arag\u00f3n estamos tratando sus datos personales, por tanto tiene derecho a acceder a sus datos personales, rectificar los datos inexactos o solicitar su supresi\u00f3n cuando los datos ya no sean necesarios.<br \/>\n<\/strong><strong>DERECHOS:<\/strong>\u00a0Puede ejercer su derecho de acceso, rectificaci\u00f3n, supresi\u00f3n, portabilidad de sus datos y la limitaci\u00f3n u oposici\u00f3n mediante escrito en la direcci\u00f3n del responsable arriba referenciada, dirigida al Departamento Jur\u00eddico.<\/span><br \/>\n<span style=\"color: #ffffff;\"><strong><a class=\"textosmini\" style=\"color: #ffffff;\" href=\"http:\/\/www.cepymearagon.es\/?page_id=164\" target=\"_blank\" rel=\"noopener noreferrer\"><em>M\u00e1s informaci\u00f3n.<\/em><\/a><\/strong><\/span>[\/vc_column_text][vc_empty_space height=\u00bb20px\u00bb][\/vc_column_inner][\/vc_row_inner][\/vc_column][\/vc_row][vc_row css_animation=\u00bb\u00bb row_type=\u00bbrow\u00bb use_row_as_full_screen_section=\u00bbno\u00bb type=\u00bbfull_width\u00bb angled_section=\u00bbno\u00bb text_align=\u00bbleft\u00bb background_image_as_pattern=\u00bbwithout_pattern\u00bb][vc_column][vc_empty_space height=\u00bb20px\u00bb][vc_raw_html css=\u00bb.vc_custom_1663756640450{background-color: #1b3444 !important;}\u00bb]JTNDYmxvY2txdW90ZSUzRSUzQ3AlMjBhbGlnbiUzRCUyMmNlbnRlciUyMiUyMHN0eWxlJTNEJTIyY29sb3IlM0ElMjNmZmZmZmYlMjIlM0UlM0NCJTNFQ0VQWU1FJTIwQXJhZyVDMyVCM24lM0MlMkZCJTNFJTIwLSUyMCUwQVBsYXphJTIwUm9tYSUyMEYtMSUyMCUyOG9maWNpbmFzJTI5JTIwMiVDMiVBQSUyMFBsYW50YS4lMjA1MDAxMCUyMC0lMjBaYXJhZ296YSUyNm5ic3AlM0IlMjZuYnNwJTNCJTNDYSUyMGhyZWYlM0QlMjJodHRwcyUzQSUyRiUyRnR3aXR0ZXIuY29tJTJGJTQwY2VweW1lYXJhZ29uJTIyJTNFJTNDaW1nJTIwaWQlM0QlMjJfeDAwMDBfaTEwMjUlMjIlMjBzcmMlM0QlMjJodHRwJTNBJTJGJTJGYnVzY29lbXBsZW8uY2VweW1lYXJhZ29uLmVzJTJGd3AtY29udGVudCUyRnVwbG9hZHMlMkYyMDIwJTJGMDElMkZSU19UV19CbGFuY28ucG5nJTIyJTIwd2lkdGglM0QlMjI0MCUyMiUyMGJvcmRlciUzRCUyMjAlMjIlMjB2YWxpZ24lM0QlMjJib3R0b20lMjIlM0UlM0MlMkZhJTNFJTI2bmJzcCUzQiUyNm5ic3AlM0IlMjZuYnNwJTNCJTBBJTNDYSUyMGhyZWYlM0QlMjJodHRwcyUzQSUyRiUyRnd3dy5mYWNlYm9vay5jb20lMkZDZXB5bWVBcmFnb24lMjIlM0UlM0NpbWclMjBpZCUzRCUyMl94MDAwMF9pMTAyNiUyMiUyMHNyYyUzRCUyMmh0dHAlM0ElMkYlMkZidXNjb2VtcGxlby5jZXB5bWVhcmFnb24uZXMlMkZ3cC1jb250ZW50JTJGdXBsb2FkcyUyRjIwMjAlMkYwMSUyRlJTX0ZCX0JsYW5jby5wbmclMjIlMjB3aWR0aCUzRCUyMjIwJTIyJTIwYm9yZGVyJTNEJTIyMCUyMiUyMHZhbGlnbiUzRCUyMmJvdHRvbSUyMiUzRSUzQyUyRmElM0UlMjZuYnNwJTNCJTI2bmJzcCUzQiUyNm5ic3AlM0IlMEElM0NhJTIwaHJlZiUzRCUyMmh0dHBzJTNBJTJGJTJGd3d3Lmluc3RhZ3JhbS5jb20lMkZjZXB5bWVhcmFnb24lMjIlM0UlM0NpbWclMjBpZCUzRCUyMl94MDAwMF9pMTAyNyUyMiUyMHNyYyUzRCUyMmh0dHAlM0ElMkYlMkZidXNjb2VtcGxlby5jZXB5bWVhcmFnb24uZXMlMkZ3cC1jb250ZW50JTJGdXBsb2FkcyUyRjIwMjAlMkYwMSUyRlJTX0lHX0JsYW5jby5wbmclMjIlMjB3aWR0aCUzRCUyMjM1JTIyJTIwYm9yZGVyJTNEJTIyMCUyMiUyMHZhbGlnbiUzRCUyMmJvdHRvbSUyMiUzRSUzQyUyRmElM0UlMjZuYnNwJTNCJTI2bmJzcCUzQiUwQSUzQ2ElMjBocmVmJTNEJTIyaHR0cHMlM0ElMkYlMkZ3d3cubGlua2VkaW4uY29tJTJGY29tcGFueSUyRmNvbmZlZGVyYWNpb24tcGVxdWUtYS15LW1lZGlhbmEtZW1wcmVzYS1hcmFnb25lc2ElMjIlM0UlM0NpbWclMjBpZCUzRCUyMl94MDAwMF9pMTAyNyUyMiUyMHNyYyUzRCUyMmh0dHAlM0ElMkYlMkZidXNjb2VtcGxlby5jZXB5bWVhcmFnb24uZXMlMkZ3cC1jb250ZW50JTJGdXBsb2FkcyUyRjIwMjAlMkYwMSUyRlJTX0lOX0JsYW5jby5wbmclMjIlMjB3aWR0aCUzRCUyMjM4JTIyJTIwYm9yZGVyJTNEJTIyMCUyMiUyMHZhbGlnbiUzRCUyMnRvcCUyMiUzRSUzQyUyRmElM0UlM0MlMkZwJTNFJTBBJTNDJTJGYmxvY2txdW90ZSUzRSUwQQ==[\/vc_raw_html][\/vc_column][\/vc_row]<\/p>\n","protected":false},"excerpt":{"rendered":"<p>[vc_row row_type=\u00bbparallax\u00bb parallax_content_width=\u00bbfull_width\u00bb text_align=\u00bbleft\u00bb background_image=\u00bb1033&#8243; full_screen_section_height=\u00bbyes\u00bb][vc_column css=\u00bb.vc_custom_1663761147491{padding-left: 40px !important;}\u00bb][icons icon=\u00bbfa-home\u00bb size=\u00bbfa-3x\u00bb type=\u00bbcircle\u00bb position=\u00bbleft\u00bb link=\u00bbhttps:\/\/buscoempleo.cepymearagon.es\u00bb target=\u00bb_self\u00bb icon_color=\u00bb#f38c6f\u00bb icon_hover_color=\u00bb#ffffff\u00bb background_color=\u00bb#ffffff\u00bb hover_background_color=\u00bb#f38c6f\u00bb margin=\u00bb50&#8243;][vc_empty_space height=\u00bb120px\u00bb][vc_empty_space height=\u00bb120px\u00bb][vc_row_inner row_type=\u00bbrow\u00bb type=\u00bbgrid\u00bb text_align=\u00bbleft\u00bb css_animation=\u00bb\u00bb][vc_column_inner][vc_empty_space height=\u00bb40px\u00bb][\/vc_column_inner][\/vc_row_inner][\/vc_column][\/vc_row][vc_row css_animation=\u00bb\u00bb row_type=\u00bbrow\u00bb use_row_as_full_screen_section=\u00bbno\u00bb type=\u00bbgrid\u00bb angled_section=\u00bbno\u00bb text_align=\u00bbleft\u00bb background_image_as_pattern=\u00bbwithout_pattern\u00bb z_index=\u00bb\u00bb][vc_column][vc_empty_space height=\u00bb40px\u00bb][custom_font font_family=\u00bbRoboto\u00bb font_size=\u00bb30&#8243; line_height=\u00bb40&#8243; font_style=\u00bbnormal\u00bb text_align=\u00bbleft\u00bb font_weight=\u00bb900&#8243; text_decoration=\u00bbnone\u00bb text_shadow=\u00bbyes\u00bb padding=\u00bb100&#8243; color=\u00bb#144733&#8243;] PAMUR: \u00abPrograma de Apoyo a Mujeres en los \u00e1mbitos [&hellip;]<\/p>\n","protected":false},"author":1,"featured_media":1024,"parent":0,"menu_order":0,"comment_status":"closed","ping_status":"open","template":"landing_page.php","meta":{"footnotes":""},"class_list":["post-1023","page","type-page","status-publish","has-post-thumbnail","hentry"],"jetpack_sharing_enabled":true,"_links":{"self":[{"href":"https:\/\/buscoempleo.cepymearagon.es\/index.php\/wp-json\/wp\/v2\/pages\/1023","targetHints":{"allow":["GET"]}}],"collection":[{"href":"https:\/\/buscoempleo.cepymearagon.es\/index.php\/wp-json\/wp\/v2\/pages"}],"about":[{"href":"https:\/\/buscoempleo.cepymearagon.es\/index.php\/wp-json\/wp\/v2\/types\/page"}],"author":[{"embeddable":true,"href":"https:\/\/buscoempleo.cepymearagon.es\/index.php\/wp-json\/wp\/v2\/users\/1"}],"replies":[{"embeddable":true,"href":"https:\/\/buscoempleo.cepymearagon.es\/index.php\/wp-json\/wp\/v2\/comments?post=1023"}],"version-history":[{"count":31,"href":"https:\/\/buscoempleo.cepymearagon.es\/index.php\/wp-json\/wp\/v2\/pages\/1023\/revisions"}],"predecessor-version":[{"id":3567,"href":"https:\/\/buscoempleo.cepymearagon.es\/index.php\/wp-json\/wp\/v2\/pages\/1023\/revisions\/3567"}],"wp:featuredmedia":[{"embeddable":true,"href":"https:\/\/buscoempleo.cepymearagon.es\/index.php\/wp-json\/wp\/v2\/media\/1024"}],"wp:attachment":[{"href":"https:\/\/buscoempleo.cepymearagon.es\/index.php\/wp-json\/wp\/v2\/media?parent=1023"}],"curies":[{"name":"wp","href":"https:\/\/api.w.org\/{rel}","templated":true}]}}