{"id":1057,"date":"2022-11-02T08:26:15","date_gmt":"2022-11-02T08:26:15","guid":{"rendered":"http:\/\/buscoempleo.cepymearagon.es\/?page_id=1057"},"modified":"2022-11-03T08:44:58","modified_gmt":"2022-11-03T08:44:58","slug":"feag-automocion","status":"publish","type":"page","link":"https:\/\/buscoempleo.cepymearagon.es\/index.php\/feag-automocion\/","title":{"rendered":"FEAG-AUTOMOCI\u00d3N"},"content":{"rendered":"<p>[vc_row row_type=\u00bbparallax\u00bb parallax_content_width=\u00bbfull_width\u00bb text_align=\u00bbleft\u00bb background_image=\u00bb1060&#8243; full_screen_section_height=\u00bbyes\u00bb][vc_column css=\u00bb.vc_custom_1663761147491{padding-left: 40px !important;}\u00bb][icons icon=\u00bbfa-home\u00bb size=\u00bbfa-3x\u00bb type=\u00bbcircle\u00bb position=\u00bbleft\u00bb link=\u00bbhttps:\/\/buscoempleo.cepymearagon.es\u00bb target=\u00bb_self\u00bb icon_color=\u00bb#78d5f7&#8243; icon_hover_color=\u00bb#ffffff\u00bb background_color=\u00bb#ffffff\u00bb hover_background_color=\u00bb#78d5f7&#8243; margin=\u00bb50&#8243;][vc_empty_space height=\u00bb120px\u00bb][vc_empty_space height=\u00bb120px\u00bb][vc_row_inner row_type=\u00bbrow\u00bb type=\u00bbgrid\u00bb text_align=\u00bbleft\u00bb css_animation=\u00bb\u00bb][vc_column_inner][vc_empty_space height=\u00bb40px\u00bb][\/vc_column_inner][\/vc_row_inner][\/vc_column][\/vc_row][vc_row css_animation=\u00bb\u00bb row_type=\u00bbrow\u00bb use_row_as_full_screen_section=\u00bbno\u00bb type=\u00bbgrid\u00bb angled_section=\u00bbno\u00bb text_align=\u00bbleft\u00bb background_image_as_pattern=\u00bbwithout_pattern\u00bb z_index=\u00bb\u00bb][vc_column][vc_empty_space height=\u00bb40px\u00bb][custom_font font_family=\u00bbRoboto\u00bb font_size=\u00bb30&#8243; line_height=\u00bb40&#8243; font_style=\u00bbnormal\u00bb text_align=\u00bbleft\u00bb font_weight=\u00bb900&#8243; text_decoration=\u00bbnone\u00bb text_shadow=\u00bbyes\u00bb padding=\u00bb100&#8243; color=\u00bb#144733&#8243;]<\/p>\n<h2><span style=\"color: #78d5f7;\">FEAG &#8211; AUTOMOCI\u00d3N<\/span><\/h2>\n<p>[\/custom_font][vc_separator type=\u00bbnormal\u00bb color=\u00bb#78d5f7&#8243;][custom_font font_family=\u00bbRoboto\u00bb font_size=\u00bb30&#8243; line_height=\u00bb40&#8243; font_style=\u00bbnormal\u00bb text_align=\u00bbleft\u00bb font_weight=\u00bb900&#8243; text_decoration=\u00bbnone\u00bb text_shadow=\u00bbyes\u00bb padding=\u00bb100&#8243; color=\u00bb#144733&#8243;]<span style=\"color: #000000;\"><strong>Si has trabajado en el sector automoci\u00f3n y buscas empleo, Cepyme puede ayudarte a conseguirlo a trav\u00e9s del Programa FEAG-Automoci\u00f3n en colaboraci\u00f3n con Inaem.<\/strong><\/span>[\/custom_font][vc_empty_space height=\u00bb40px\u00bb][vc_row_inner row_type=\u00bbrow\u00bb type=\u00bbfull_width\u00bb text_align=\u00bbleft\u00bb css_animation=\u00bb\u00bb][vc_column_inner width=\u00bb3\/5&#8243;][custom_font font_family=\u00bbRoboto\u00bb font_size=\u00bb30&#8243; line_height=\u00bb70&#8243; font_style=\u00bbnormal\u00bb text_align=\u00bbleft\u00bb font_weight=\u00bb900&#8243; text_decoration=\u00bbnone\u00bb text_shadow=\u00bbyes\u00bb padding=\u00bb100&#8243; color=\u00bb#144733&#8243;]<span style=\"color: #78d5f7;\"><strong>\u00bfEn qu\u00e9 consiste el programa?<\/strong><\/span>[\/custom_font][vc_column_text]Su objetivo es favorecer la recolocaci\u00f3n laboral de trabajadores\/as que hayan finalizado su relaci\u00f3n laboral con una empresa del sector de automoci\u00f3n, como consecuencia de grandes cambios estructurales en los patrones del comercio mundial provocados por la globalizaci\u00f3n.[\/vc_column_text][custom_font font_family=\u00bbRoboto\u00bb font_size=\u00bb30&#8243; line_height=\u00bb70&#8243; font_style=\u00bbnormal\u00bb text_align=\u00bbleft\u00bb font_weight=\u00bb900&#8243; text_decoration=\u00bbnone\u00bb text_shadow=\u00bbyes\u00bb padding=\u00bb100&#8243; color=\u00bb#144733&#8243;]<span style=\"color: #78d5f7;\"><strong>\u00bfQui\u00e9n puede participar?<\/strong><\/span>[\/custom_font][vc_column_text]Trabajadores\/as del sector de la automoci\u00f3n, inscritos\/as en a las oficinas de empleo de INAEM, que independientemente de su situaci\u00f3n actual (est\u00e9n en activo o en desempleo), hayan finalizado su relaci\u00f3n laboral de manera no voluntaria con una empresa del sector de automoci\u00f3n en el periodo comprendido entre el 1 de noviembre de 2020 y el 8 de noviembre de 2021.[\/vc_column_text][custom_font font_family=\u00bbRoboto\u00bb font_size=\u00bb30&#8243; line_height=\u00bb70&#8243; font_style=\u00bbnormal\u00bb text_align=\u00bbleft\u00bb font_weight=\u00bb900&#8243; text_decoration=\u00bbnone\u00bb text_shadow=\u00bbyes\u00bb padding=\u00bb100&#8243; color=\u00bb#144733&#8243;]<span style=\"color: #78d5f7;\"><strong>\u00bfQu\u00e9 te ofrece el programa?<\/strong><\/span>[\/custom_font][vc_column_text]A lo largo de los 18 meses que dura el programa, recibir\u00e1s asesoramiento y apoyo con el objetivo de conseguir un empleo o mejora laboral adapt\u00e1ndonos a tus necesidades y circunstancias.[\/vc_column_text][custom_font font_family=\u00bbRoboto\u00bb font_size=\u00bb30&#8243; line_height=\u00bb70&#8243; font_style=\u00bbnormal\u00bb text_align=\u00bbleft\u00bb font_weight=\u00bb900&#8243; text_decoration=\u00bbnone\u00bb text_shadow=\u00bbyes\u00bb padding=\u00bb100&#8243; color=\u00bb#144733&#8243;]<span style=\"color: #78d5f7;\"><strong>\u00bfC\u00f3mo te ayudamos?<\/strong><\/span>[\/custom_font][vc_column_text]<\/p>\n<ul>\n<li>Analizamos tu perfil profesional, dise\u00f1ando un itinerario de inserci\u00f3n adaptado a tus necesidades y preferencias laborales y formativas.<\/li>\n<li>Tendr\u00e1s un servicio gratuito de Tutor\u00edas personalizadas para ayudarte en tu b\u00fasqueda de empleo.<\/li>\n<li>Podr\u00e1s beneficiarte incentivos econ\u00f3micos por tu participaci\u00f3n.<\/li>\n<li>Te asesoraremos sobre c\u00f3mo utilizar herramientas y recursos para buscar empleo, superar con \u00e9xito procesos de selecci\u00f3n, mejorar tus competencias digitales y habilidades personales necesarias en el mundo laboral.<\/li>\n<li>Podr\u00e1s realizar cursos de formaci\u00f3n t\u00e9cnica actualizada en el sector automoci\u00f3n o de otros sectores acordes a las necesidades del mercado laboral.<\/li>\n<li>Captaci\u00f3n y gesti\u00f3n de ofertas de empleo acordes a tu perfil profesional.<\/li>\n<li>Acompa\u00f1amiento y seguimiento continuo durante todo el programa.<\/li>\n<\/ul>\n<p>[\/vc_column_text][vc_empty_space height=\u00bb20px\u00bb][custom_font font_family=\u00bbRoboto\u00bb font_size=\u00bb30&#8243; line_height=\u00bb70&#8243; font_style=\u00bbnormal\u00bb text_align=\u00bbcenter\u00bb font_weight=\u00bb900&#8243; text_decoration=\u00bbnone\u00bb text_shadow=\u00bbyes\u00bb padding=\u00bb100&#8243; color=\u00bb#ffffff\u00bb background_color=\u00bb#78d5f7&#8243;]<strong>CONTACTO<\/strong>[\/custom_font][vc_column_text css=\u00bb.vc_custom_1667377631497{padding-right: 20px !important;padding-bottom: 20px !important;padding-left: 20px !important;background-color: #78d5f7 !important;}\u00bb]<\/p>\n<p style=\"text-align: center;\"><span style=\"color: #ffffff;\">Ll\u00e1manos al tel\u00e9fono<strong> 976 76 60 60<\/strong>,m\u00e1ndanos un <strong>WhatsApp al 606 708 156<\/strong> o <strong>rellena este formulario<\/strong> y te contaremos c\u00f3mo participar.<\/span><\/p>\n<p style=\"text-align: center;\"><span style=\"color: #ffffff;\">\u00a1Aprovecha tu oportunidad y empieza a moverte para construir tu futuro desde hoy mismo!<\/span><\/p>\n<p>[\/vc_column_text][vc_empty_space height=\u00bb20px\u00bb][\/vc_column_inner][vc_column_inner width=\u00bb2\/5&#8243; css=\u00bb.vc_custom_1667377528371{background-color: #78d5f7 !important;border-radius: 15px !important;}\u00bb][custom_font font_family=\u00bbRoboto\u00bb font_size=\u00bb30&#8243; line_height=\u00bb70&#8243; font_style=\u00bbnormal\u00bb text_align=\u00bbleft\u00bb font_weight=\u00bb900&#8243; text_decoration=\u00bbnone\u00bb text_shadow=\u00bbyes\u00bb padding=\u00bb100&#8243; color=\u00bb#ffffff\u00bb]Formulario de Inscripci\u00f3n[\/custom_font][vc_empty_space height=\u00bb30px\u00bb][contact-form-7 id=\u00bb1068&#8243; html_class=\u00bbcf7_custom_style_3&#8243;][vc_column_text]<span style=\"color: #ffffff;\"><strong>DATOS DE CAR\u00c1CTER PERSONAL<br \/>\n<\/strong><strong>RESPONSABLE:<\/strong>\u00a0CEPYME Arag\u00f3n.<\/span><br \/>\n<span style=\"color: #ffffff;\">Direcci\u00f3n postal: Pza Roma, F1 oficinas, 2\u00aa planta (50010 \u2013 ZARAGOZA).<\/span><br \/>\n<span style=\"color: #ffffff;\">Tel\u00e9fono: 976766060.<\/span><br \/>\n<span style=\"color: #ffffff;\">Correo electr\u00f3nico:\u00a0<a class=\"textosmini\" style=\"color: #ffffff;\" href=\"mailto:cepyme@cepymearagon.es\">cepyme@cepymearagon.es<br \/>\n<\/a><strong>En nombre CEPYME Arag\u00f3n tratamos la informaci\u00f3n que nos facilita con el fin de prestarles el servicio solicitado e informarles sobre el mismo y realizar, en su caso, la facturaci\u00f3n. Los datos proporcionados se conservar\u00e1n mientras se mantenga la relaci\u00f3n de servicio o comercial, o durante los a\u00f1os necesarios para cumplir con las obligaciones legales. Los datos no se ceder\u00e1n a terceros salvo en los casos en que exista una obligaci\u00f3n legal. Usted tiene derecho a obtener confirmaci\u00f3n sobre si en CEPYME Arag\u00f3n estamos tratando sus datos personales, por tanto tiene derecho a acceder a sus datos personales, rectificar los datos inexactos o solicitar su supresi\u00f3n cuando los datos ya no sean necesarios.<br \/>\n<\/strong><strong>DERECHOS:<\/strong>\u00a0Puede ejercer su derecho de acceso, rectificaci\u00f3n, supresi\u00f3n, portabilidad de sus datos y la limitaci\u00f3n u oposici\u00f3n mediante escrito en la direcci\u00f3n del responsable arriba referenciada, dirigida al Departamento Jur\u00eddico.<\/span><br \/>\n<span style=\"color: #ffffff;\"><strong><a class=\"textosmini\" style=\"color: #ffffff;\" href=\"http:\/\/www.cepymearagon.es\/?page_id=164\" target=\"_blank\" rel=\"noopener noreferrer\"><em>M\u00e1s informaci\u00f3n.<\/em><\/a><\/strong><\/span>[\/vc_column_text][vc_empty_space height=\u00bb20px\u00bb][\/vc_column_inner][\/vc_row_inner][\/vc_column][\/vc_row][vc_row css_animation=\u00bb\u00bb row_type=\u00bbrow\u00bb use_row_as_full_screen_section=\u00bbno\u00bb type=\u00bbfull_width\u00bb angled_section=\u00bbno\u00bb text_align=\u00bbleft\u00bb background_image_as_pattern=\u00bbwithout_pattern\u00bb][vc_column][vc_empty_space height=\u00bb20px\u00bb][vc_raw_html css=\u00bb.vc_custom_1667377573796{background-color: #78d5f7 !important;}\u00bb]JTNDYmxvY2txdW90ZSUzRSUzQ3AlMjBhbGlnbiUzRCUyMmNlbnRlciUyMiUyMHN0eWxlJTNEJTIyY29sb3IlM0ElMjNmZmZmZmYlMjIlM0UlM0NCJTNFQ0VQWU1FJTIwQXJhZyVDMyVCM24lM0MlMkZCJTNFJTIwLSUyMCUwQVBsYXphJTIwUm9tYSUyMEYtMSUyMCUyOG9maWNpbmFzJTI5JTIwMiVDMiVBQSUyMFBsYW50YS4lMjA1MDAxMCUyMC0lMjBaYXJhZ296YSUyNm5ic3AlM0IlMjZuYnNwJTNCJTNDYSUyMGhyZWYlM0QlMjJodHRwcyUzQSUyRiUyRnR3aXR0ZXIuY29tJTJGJTQwY2VweW1lYXJhZ29uJTIyJTNFJTNDaW1nJTIwaWQlM0QlMjJfeDAwMDBfaTEwMjUlMjIlMjBzcmMlM0QlMjJodHRwJTNBJTJGJTJGYnVzY29lbXBsZW8uY2VweW1lYXJhZ29uLmVzJTJGd3AtY29udGVudCUyRnVwbG9hZHMlMkYyMDIwJTJGMDElMkZSU19UV19CbGFuY28ucG5nJTIyJTIwd2lkdGglM0QlMjI0MCUyMiUyMGJvcmRlciUzRCUyMjAlMjIlMjB2YWxpZ24lM0QlMjJib3R0b20lMjIlM0UlM0MlMkZhJTNFJTI2bmJzcCUzQiUyNm5ic3AlM0IlMjZuYnNwJTNCJTBBJTNDYSUyMGhyZWYlM0QlMjJodHRwcyUzQSUyRiUyRnd3dy5mYWNlYm9vay5jb20lMkZDZXB5bWVBcmFnb24lMjIlM0UlM0NpbWclMjBpZCUzRCUyMl94MDAwMF9pMTAyNiUyMiUyMHNyYyUzRCUyMmh0dHAlM0ElMkYlMkZidXNjb2VtcGxlby5jZXB5bWVhcmFnb24uZXMlMkZ3cC1jb250ZW50JTJGdXBsb2FkcyUyRjIwMjAlMkYwMSUyRlJTX0ZCX0JsYW5jby5wbmclMjIlMjB3aWR0aCUzRCUyMjIwJTIyJTIwYm9yZGVyJTNEJTIyMCUyMiUyMHZhbGlnbiUzRCUyMmJvdHRvbSUyMiUzRSUzQyUyRmElM0UlMjZuYnNwJTNCJTI2bmJzcCUzQiUyNm5ic3AlM0IlMEElM0NhJTIwaHJlZiUzRCUyMmh0dHBzJTNBJTJGJTJGd3d3Lmluc3RhZ3JhbS5jb20lMkZjZXB5bWVhcmFnb24lMjIlM0UlM0NpbWclMjBpZCUzRCUyMl94MDAwMF9pMTAyNyUyMiUyMHNyYyUzRCUyMmh0dHAlM0ElMkYlMkZidXNjb2VtcGxlby5jZXB5bWVhcmFnb24uZXMlMkZ3cC1jb250ZW50JTJGdXBsb2FkcyUyRjIwMjAlMkYwMSUyRlJTX0lHX0JsYW5jby5wbmclMjIlMjB3aWR0aCUzRCUyMjM1JTIyJTIwYm9yZGVyJTNEJTIyMCUyMiUyMHZhbGlnbiUzRCUyMmJvdHRvbSUyMiUzRSUzQyUyRmElM0UlMjZuYnNwJTNCJTI2bmJzcCUzQiUwQSUzQ2ElMjBocmVmJTNEJTIyaHR0cHMlM0ElMkYlMkZ3d3cubGlua2VkaW4uY29tJTJGY29tcGFueSUyRmNvbmZlZGVyYWNpb24tcGVxdWUtYS15LW1lZGlhbmEtZW1wcmVzYS1hcmFnb25lc2ElMjIlM0UlM0NpbWclMjBpZCUzRCUyMl94MDAwMF9pMTAyNyUyMiUyMHNyYyUzRCUyMmh0dHAlM0ElMkYlMkZidXNjb2VtcGxlby5jZXB5bWVhcmFnb24uZXMlMkZ3cC1jb250ZW50JTJGdXBsb2FkcyUyRjIwMjAlMkYwMSUyRlJTX0lOX0JsYW5jby5wbmclMjIlMjB3aWR0aCUzRCUyMjM4JTIyJTIwYm9yZGVyJTNEJTIyMCUyMiUyMHZhbGlnbiUzRCUyMnRvcCUyMiUzRSUzQyUyRmElM0UlM0MlMkZwJTNFJTBBJTNDJTJGYmxvY2txdW90ZSUzRSUwQQ==[\/vc_raw_html][\/vc_column][\/vc_row]<\/p>\n","protected":false},"excerpt":{"rendered":"<p>[vc_row row_type=\u00bbparallax\u00bb parallax_content_width=\u00bbfull_width\u00bb text_align=\u00bbleft\u00bb background_image=\u00bb1060&#8243; full_screen_section_height=\u00bbyes\u00bb][vc_column css=\u00bb.vc_custom_1663761147491{padding-left: 40px !important;}\u00bb][icons icon=\u00bbfa-home\u00bb size=\u00bbfa-3x\u00bb type=\u00bbcircle\u00bb position=\u00bbleft\u00bb link=\u00bbhttps:\/\/buscoempleo.cepymearagon.es\u00bb target=\u00bb_self\u00bb icon_color=\u00bb#78d5f7&#8243; icon_hover_color=\u00bb#ffffff\u00bb background_color=\u00bb#ffffff\u00bb hover_background_color=\u00bb#78d5f7&#8243; margin=\u00bb50&#8243;][vc_empty_space height=\u00bb120px\u00bb][vc_empty_space height=\u00bb120px\u00bb][vc_row_inner row_type=\u00bbrow\u00bb type=\u00bbgrid\u00bb text_align=\u00bbleft\u00bb css_animation=\u00bb\u00bb][vc_column_inner][vc_empty_space height=\u00bb40px\u00bb][\/vc_column_inner][\/vc_row_inner][\/vc_column][\/vc_row][vc_row css_animation=\u00bb\u00bb row_type=\u00bbrow\u00bb use_row_as_full_screen_section=\u00bbno\u00bb type=\u00bbgrid\u00bb angled_section=\u00bbno\u00bb text_align=\u00bbleft\u00bb background_image_as_pattern=\u00bbwithout_pattern\u00bb z_index=\u00bb\u00bb][vc_column][vc_empty_space height=\u00bb40px\u00bb][custom_font font_family=\u00bbRoboto\u00bb font_size=\u00bb30&#8243; line_height=\u00bb40&#8243; font_style=\u00bbnormal\u00bb text_align=\u00bbleft\u00bb font_weight=\u00bb900&#8243; text_decoration=\u00bbnone\u00bb text_shadow=\u00bbyes\u00bb padding=\u00bb100&#8243; color=\u00bb#144733&#8243;] FEAG &#8211; AUTOMOCI\u00d3N [\/custom_font][vc_separator type=\u00bbnormal\u00bb color=\u00bb#78d5f7&#8243;][custom_font font_family=\u00bbRoboto\u00bb font_size=\u00bb30&#8243; line_height=\u00bb40&#8243; [&hellip;]<\/p>\n","protected":false},"author":1,"featured_media":1058,"parent":0,"menu_order":0,"comment_status":"closed","ping_status":"closed","template":"landing_page.php","meta":{"footnotes":""},"class_list":["post-1057","page","type-page","status-publish","has-post-thumbnail","hentry"],"jetpack_sharing_enabled":true,"_links":{"self":[{"href":"https:\/\/buscoempleo.cepymearagon.es\/index.php\/wp-json\/wp\/v2\/pages\/1057","targetHints":{"allow":["GET"]}}],"collection":[{"href":"https:\/\/buscoempleo.cepymearagon.es\/index.php\/wp-json\/wp\/v2\/pages"}],"about":[{"href":"https:\/\/buscoempleo.cepymearagon.es\/index.php\/wp-json\/wp\/v2\/types\/page"}],"author":[{"embeddable":true,"href":"https:\/\/buscoempleo.cepymearagon.es\/index.php\/wp-json\/wp\/v2\/users\/1"}],"replies":[{"embeddable":true,"href":"https:\/\/buscoempleo.cepymearagon.es\/index.php\/wp-json\/wp\/v2\/comments?post=1057"}],"version-history":[{"count":12,"href":"https:\/\/buscoempleo.cepymearagon.es\/index.php\/wp-json\/wp\/v2\/pages\/1057\/revisions"}],"predecessor-version":[{"id":1075,"href":"https:\/\/buscoempleo.cepymearagon.es\/index.php\/wp-json\/wp\/v2\/pages\/1057\/revisions\/1075"}],"wp:featuredmedia":[{"embeddable":true,"href":"https:\/\/buscoempleo.cepymearagon.es\/index.php\/wp-json\/wp\/v2\/media\/1058"}],"wp:attachment":[{"href":"https:\/\/buscoempleo.cepymearagon.es\/index.php\/wp-json\/wp\/v2\/media?parent=1057"}],"curies":[{"name":"wp","href":"https:\/\/api.w.org\/{rel}","templated":true}]}}