{"id":3665,"date":"2024-03-05T20:47:44","date_gmt":"2024-03-05T20:47:44","guid":{"rendered":"https:\/\/buscoempleo.cepymearagon.es\/?page_id=3665"},"modified":"2026-02-10T14:03:20","modified_gmt":"2026-02-10T14:03:20","slug":"programas-2024","status":"publish","type":"page","link":"https:\/\/buscoempleo.cepymearagon.es\/","title":{"rendered":"PROGRAMAS 2024"},"content":{"rendered":"\t\t<div data-elementor-type=\"wp-page\" data-elementor-id=\"3665\" class=\"elementor elementor-3665\" data-elementor-post-type=\"page\">\n\t\t\t\t<div class=\"elementor-element elementor-element-2e000f0 e-con-full e-flex e-con e-parent\" data-id=\"2e000f0\" data-element_type=\"container\" data-e-type=\"container\" data-settings=\"{&quot;background_background&quot;:&quot;classic&quot;}\">\n\t\t<div class=\"elementor-element elementor-element-562382e e-flex e-con-boxed e-con e-child\" data-id=\"562382e\" data-element_type=\"container\" data-e-type=\"container\">\n\t\t\t\t\t<div class=\"e-con-inner\">\n\t\t\t\t<div class=\"elementor-element elementor-element-20adb4f elementor-widget elementor-widget-image\" data-id=\"20adb4f\" data-element_type=\"widget\" data-e-type=\"widget\" data-widget_type=\"image.default\">\n\t\t\t\t<div class=\"elementor-widget-container\">\n\t\t\t\t\t\t\t\t\t\t\t\t\t\t\t<img fetchpriority=\"high\" decoding=\"async\" width=\"2560\" height=\"555\" src=\"https:\/\/buscoempleo.cepymearagon.es\/wp-content\/uploads\/2020\/01\/INI12-scaled.jpg\" class=\"attachment-full size-full wp-image-244\" alt=\"\" srcset=\"https:\/\/buscoempleo.cepymearagon.es\/wp-content\/uploads\/2020\/01\/INI12-scaled.jpg 2560w, https:\/\/buscoempleo.cepymearagon.es\/wp-content\/uploads\/2020\/01\/INI12-300x65.jpg 300w, https:\/\/buscoempleo.cepymearagon.es\/wp-content\/uploads\/2020\/01\/INI12-1024x222.jpg 1024w, https:\/\/buscoempleo.cepymearagon.es\/wp-content\/uploads\/2020\/01\/INI12-768x166.jpg 768w, https:\/\/buscoempleo.cepymearagon.es\/wp-content\/uploads\/2020\/01\/INI12-1536x333.jpg 1536w, https:\/\/buscoempleo.cepymearagon.es\/wp-content\/uploads\/2020\/01\/INI12-2048x444.jpg 2048w, https:\/\/buscoempleo.cepymearagon.es\/wp-content\/uploads\/2020\/01\/INI12-700x152.jpg 700w\" sizes=\"(max-width: 2560px) 100vw, 2560px\" \/>\t\t\t\t\t\t\t\t\t\t\t\t\t\t\t<\/div>\n\t\t\t\t<\/div>\n\t\t\t\t\t<\/div>\n\t\t\t\t<\/div>\n\t\t\t\t<\/div>\n\t\t<div class=\"elementor-element elementor-element-a9bac84 e-con-full e-flex e-con e-parent\" data-id=\"a9bac84\" data-element_type=\"container\" data-e-type=\"container\" data-settings=\"{&quot;background_background&quot;:&quot;classic&quot;}\">\n\t\t<div class=\"elementor-element elementor-element-4bf6c7b elementor-hidden-mobile e-flex e-con-boxed e-con e-child\" data-id=\"4bf6c7b\" data-element_type=\"container\" data-e-type=\"container\">\n\t\t\t\t\t<div class=\"e-con-inner\">\n\t\t\t\t<div class=\"elementor-element elementor-element-308f316 elementor-flip-box--effect-flip elementor-flip-box--direction-up elementor-widget elementor-widget-flip-box\" data-id=\"308f316\" data-element_type=\"widget\" data-e-type=\"widget\" data-widget_type=\"flip-box.default\">\n\t\t\t\t<div class=\"elementor-widget-container\">\n\t\t\t\t\t\t\t<div class=\"elementor-flip-box\" tabindex=\"0\">\n\t\t\t<div class=\"elementor-flip-box__layer elementor-flip-box__front\">\n\t\t\t\t<div class=\"elementor-flip-box__layer__overlay\">\n\t\t\t\t\t<div class=\"elementor-flip-box__layer__inner\">\n\t\t\t\t\t\t\t\t\t\t\t\t\t<div class=\"elementor-flip-box__image\">\n\t\t\t\t\t\t\t\t<img decoding=\"async\" width=\"700\" height=\"700\" src=\"https:\/\/buscoempleo.cepymearagon.es\/wp-content\/uploads\/2025\/01\/2024_PROGRAMAS_PROIN52.png\" class=\"attachment-full size-full wp-image-4015\" alt=\"\" srcset=\"https:\/\/buscoempleo.cepymearagon.es\/wp-content\/uploads\/2025\/01\/2024_PROGRAMAS_PROIN52.png 700w, https:\/\/buscoempleo.cepymearagon.es\/wp-content\/uploads\/2025\/01\/2024_PROGRAMAS_PROIN52-300x300.png 300w, https:\/\/buscoempleo.cepymearagon.es\/wp-content\/uploads\/2025\/01\/2024_PROGRAMAS_PROIN52-150x150.png 150w, https:\/\/buscoempleo.cepymearagon.es\/wp-content\/uploads\/2025\/01\/2024_PROGRAMAS_PROIN52-570x570.png 570w, https:\/\/buscoempleo.cepymearagon.es\/wp-content\/uploads\/2025\/01\/2024_PROGRAMAS_PROIN52-500x500.png 500w\" sizes=\"(max-width: 700px) 100vw, 700px\" \/>\t\t\t\t\t\t\t<\/div>\n\t\t\t\t\t\t\n\t\t\t\t\t\t\n\t\t\t\t\t\t\t\t\t\t\t<\/div>\n\t\t\t\t<\/div>\n\t\t\t<\/div>\n\t\t\t<a class=\"elementor-flip-box__layer elementor-flip-box__back\" href=\"https:\/\/buscoempleo.cepymearagon.es\/index.php\/pro-in+52\/\">\n\t\t\t<div class=\"elementor-flip-box__layer__overlay\">\n\t\t\t\t<div class=\"elementor-flip-box__layer__inner\">\n\t\t\t\t\t\t\t\t\t\t\t<h3 class=\"elementor-flip-box__layer__title\">\n\t\t\t\t\t\t\tMejora tu empleabilidad aumentando las oportunidades de inserci\u00f3n\t\t\t\t\t\t<\/h3>\n\t\t\t\t\t\n\t\t\t\t\t\t\t\t\t\t\t<div class=\"elementor-flip-box__layer__description\">\n\t\t\t\t\t\t\tPROGRAMAS DE PROYECTOS INTEGRALES DE EMPLEO PARA PERSONAS DESEMPLEADAS MAYORES DE 52 A\u00d1OS.\t\t\t\t\t\t<\/div>\n\t\t\t\t\t\n\t\t\t\t\t\t\t\t<\/div>\n\t\t<\/div>\n\t\t<\/a>\n\t\t<\/div>\n\t\t\t\t\t\t<\/div>\n\t\t\t\t<\/div>\n\t\t\t\t<div class=\"elementor-element elementor-element-d8a0099 elementor-flip-box--effect-flip elementor-flip-box--direction-up elementor-widget elementor-widget-flip-box\" data-id=\"d8a0099\" data-element_type=\"widget\" data-e-type=\"widget\" data-widget_type=\"flip-box.default\">\n\t\t\t\t<div class=\"elementor-widget-container\">\n\t\t\t\t\t\t\t<div class=\"elementor-flip-box\" tabindex=\"0\">\n\t\t\t<div class=\"elementor-flip-box__layer elementor-flip-box__front\">\n\t\t\t\t<div class=\"elementor-flip-box__layer__overlay\">\n\t\t\t\t\t<div class=\"elementor-flip-box__layer__inner\">\n\t\t\t\t\t\t\t\t\t\t\t\t\t<div class=\"elementor-flip-box__image\">\n\t\t\t\t\t\t\t\t<img decoding=\"async\" width=\"700\" height=\"700\" src=\"https:\/\/buscoempleo.cepymearagon.es\/wp-content\/uploads\/2025\/05\/2025_PROGRAMAS_PROINII.png\" class=\"attachment-full size-full wp-image-4044\" alt=\"\" srcset=\"https:\/\/buscoempleo.cepymearagon.es\/wp-content\/uploads\/2025\/05\/2025_PROGRAMAS_PROINII.png 700w, https:\/\/buscoempleo.cepymearagon.es\/wp-content\/uploads\/2025\/05\/2025_PROGRAMAS_PROINII-300x300.png 300w, https:\/\/buscoempleo.cepymearagon.es\/wp-content\/uploads\/2025\/05\/2025_PROGRAMAS_PROINII-150x150.png 150w, https:\/\/buscoempleo.cepymearagon.es\/wp-content\/uploads\/2025\/05\/2025_PROGRAMAS_PROINII-570x570.png 570w, https:\/\/buscoempleo.cepymearagon.es\/wp-content\/uploads\/2025\/05\/2025_PROGRAMAS_PROINII-500x500.png 500w\" sizes=\"(max-width: 700px) 100vw, 700px\" \/>\t\t\t\t\t\t\t<\/div>\n\t\t\t\t\t\t\n\t\t\t\t\t\t\n\t\t\t\t\t\t\t\t\t\t\t<\/div>\n\t\t\t\t<\/div>\n\t\t\t<\/div>\n\t\t\t<a class=\"elementor-flip-box__layer elementor-flip-box__back\" href=\"https:\/\/buscoempleo.cepymearagon.es\/index.php\/pro-in-II-sectores\/\">\n\t\t\t<div class=\"elementor-flip-box__layer__overlay\">\n\t\t\t\t<div class=\"elementor-flip-box__layer__inner\">\n\t\t\t\t\t\t\t\t\t\t\t<h3 class=\"elementor-flip-box__layer__title\">\n\t\t\t\t\t\t\tMejora tu empleabilidad aumentando las oportunidades de inserci\u00f3n\t\t\t\t\t\t<\/h3>\n\t\t\t\t\t\n\t\t\t\t\t\t\t\t\t\t\t<div class=\"elementor-flip-box__layer__description\">\n\t\t\t\t\t\t\tPrograma financiado por el Gobierno de Arag\u00f3n a trav\u00e9s del Instituto Aragon\u00e9s de Empleo y desarrollado por CEPYME Arag\u00f3n, orientado a facilitar el acceso al empleo en el sector de la Producci\u00f3n Industrial.\t\t\t\t\t\t<\/div>\n\t\t\t\t\t\n\t\t\t\t\t\t\t\t<\/div>\n\t\t<\/div>\n\t\t<\/a>\n\t\t<\/div>\n\t\t\t\t\t\t<\/div>\n\t\t\t\t<\/div>\n\t\t\t\t<div class=\"elementor-element elementor-element-738d0ae elementor-flip-box--effect-flip elementor-flip-box--direction-up elementor-widget elementor-widget-flip-box\" data-id=\"738d0ae\" data-element_type=\"widget\" data-e-type=\"widget\" data-widget_type=\"flip-box.default\">\n\t\t\t\t<div class=\"elementor-widget-container\">\n\t\t\t\t\t\t\t<div class=\"elementor-flip-box\" tabindex=\"0\">\n\t\t\t<div class=\"elementor-flip-box__layer elementor-flip-box__front\">\n\t\t\t\t<div class=\"elementor-flip-box__layer__overlay\">\n\t\t\t\t\t<div class=\"elementor-flip-box__layer__inner\">\n\t\t\t\t\t\t\t\t\t\t\t\t\t<div class=\"elementor-flip-box__image\">\n\t\t\t\t\t\t\t\t<img loading=\"lazy\" decoding=\"async\" width=\"700\" height=\"700\" src=\"https:\/\/buscoempleo.cepymearagon.es\/wp-content\/uploads\/2026\/02\/2026_PROGRAMAS_PRIME.png\" class=\"attachment-full size-full wp-image-12874\" alt=\"\" srcset=\"https:\/\/buscoempleo.cepymearagon.es\/wp-content\/uploads\/2026\/02\/2026_PROGRAMAS_PRIME.png 700w, https:\/\/buscoempleo.cepymearagon.es\/wp-content\/uploads\/2026\/02\/2026_PROGRAMAS_PRIME-300x300.png 300w, https:\/\/buscoempleo.cepymearagon.es\/wp-content\/uploads\/2026\/02\/2026_PROGRAMAS_PRIME-150x150.png 150w\" sizes=\"(max-width: 700px) 100vw, 700px\" \/>\t\t\t\t\t\t\t<\/div>\n\t\t\t\t\t\t\n\t\t\t\t\t\t\n\t\t\t\t\t\t\t\t\t\t\t<\/div>\n\t\t\t\t<\/div>\n\t\t\t<\/div>\n\t\t\t<a class=\"elementor-flip-box__layer elementor-flip-box__back\" href=\"https:\/\/buscoempleo.cepymearagon.es\/index.php\/prime\">\n\t\t\t<div class=\"elementor-flip-box__layer__overlay\">\n\t\t\t\t<div class=\"elementor-flip-box__layer__inner\">\n\t\t\t\t\t\t\t\t\t\t\t<h3 class=\"elementor-flip-box__layer__title\">\n\t\t\t\t\t\t\tMejora tu empleabilidad\t\t\t\t\t\t<\/h3>\n\t\t\t\t\t\n\t\t\t\t\t\t\t\t\t\t\t<div class=\"elementor-flip-box__layer__description\">\n\t\t\t\t\t\t\tPrograma financiado por el Gobierno de Arag\u00f3n a trav\u00e9s del Instituto Aragon\u00e9s de Empleo y desarrollado por CEPYME Arag\u00f3n, orientado a facilitar el acceso al empleo a j\u00f3venes menores de 30 a\u00f1os\t\t\t\t\t\t<\/div>\n\t\t\t\t\t\n\t\t\t\t\t\t\t\t<\/div>\n\t\t<\/div>\n\t\t<\/a>\n\t\t<\/div>\n\t\t\t\t\t\t<\/div>\n\t\t\t\t<\/div>\n\t\t\t\t\t<\/div>\n\t\t\t\t<\/div>\n\t\t<div class=\"elementor-element elementor-element-bb6313c elementor-hidden-desktop elementor-hidden-tablet e-flex e-con-boxed e-con e-child\" data-id=\"bb6313c\" data-element_type=\"container\" data-e-type=\"container\">\n\t\t\t\t\t<div class=\"e-con-inner\">\n\t\t\t\t<div class=\"elementor-element elementor-element-982234d elementor-flip-box--effect-flip elementor-flip-box--direction-up elementor-widget elementor-widget-flip-box\" data-id=\"982234d\" data-element_type=\"widget\" data-e-type=\"widget\" data-widget_type=\"flip-box.default\">\n\t\t\t\t<div class=\"elementor-widget-container\">\n\t\t\t\t\t\t\t<div class=\"elementor-flip-box\" tabindex=\"0\">\n\t\t\t<div class=\"elementor-flip-box__layer elementor-flip-box__front\">\n\t\t\t\t<div class=\"elementor-flip-box__layer__overlay\">\n\t\t\t\t\t<div class=\"elementor-flip-box__layer__inner\">\n\t\t\t\t\t\t\t\t\t\t\t\t\t<div class=\"elementor-flip-box__image\">\n\t\t\t\t\t\t\t\t<img decoding=\"async\" width=\"700\" height=\"700\" src=\"https:\/\/buscoempleo.cepymearagon.es\/wp-content\/uploads\/2025\/01\/2024_PROGRAMAS_PROIN52.png\" class=\"attachment-full size-full wp-image-4015\" alt=\"\" srcset=\"https:\/\/buscoempleo.cepymearagon.es\/wp-content\/uploads\/2025\/01\/2024_PROGRAMAS_PROIN52.png 700w, https:\/\/buscoempleo.cepymearagon.es\/wp-content\/uploads\/2025\/01\/2024_PROGRAMAS_PROIN52-300x300.png 300w, https:\/\/buscoempleo.cepymearagon.es\/wp-content\/uploads\/2025\/01\/2024_PROGRAMAS_PROIN52-150x150.png 150w, https:\/\/buscoempleo.cepymearagon.es\/wp-content\/uploads\/2025\/01\/2024_PROGRAMAS_PROIN52-570x570.png 570w, https:\/\/buscoempleo.cepymearagon.es\/wp-content\/uploads\/2025\/01\/2024_PROGRAMAS_PROIN52-500x500.png 500w\" sizes=\"(max-width: 700px) 100vw, 700px\" \/>\t\t\t\t\t\t\t<\/div>\n\t\t\t\t\t\t\n\t\t\t\t\t\t\n\t\t\t\t\t\t\t\t\t\t\t<\/div>\n\t\t\t\t<\/div>\n\t\t\t<\/div>\n\t\t\t<a class=\"elementor-flip-box__layer elementor-flip-box__back\" href=\"https:\/\/buscoempleo.cepymearagon.es\/index.php\/pro-in+52\/\">\n\t\t\t<div class=\"elementor-flip-box__layer__overlay\">\n\t\t\t\t<div class=\"elementor-flip-box__layer__inner\">\n\t\t\t\t\t\t\t\t\t\t\t<h3 class=\"elementor-flip-box__layer__title\">\n\t\t\t\t\t\t\tMejora tu empleabilidad aumentando las oportunidades de inserci\u00f3n\t\t\t\t\t\t<\/h3>\n\t\t\t\t\t\n\t\t\t\t\t\t\t\t\t\t\t<div class=\"elementor-flip-box__layer__description\">\n\t\t\t\t\t\t\tPROGRAMAS DE PROYECTOS INTEGRALES DE EMPLEO PARA PERSONAS DESEMPLEADAS MAYORES DE 52 A\u00d1OS.\t\t\t\t\t\t<\/div>\n\t\t\t\t\t\n\t\t\t\t\t\t\t\t<\/div>\n\t\t<\/div>\n\t\t<\/a>\n\t\t<\/div>\n\t\t\t\t\t\t<\/div>\n\t\t\t\t<\/div>\n\t\t\t\t<div class=\"elementor-element elementor-element-5783525 elementor-flip-box--effect-flip elementor-flip-box--direction-up elementor-widget elementor-widget-flip-box\" data-id=\"5783525\" data-element_type=\"widget\" data-e-type=\"widget\" data-widget_type=\"flip-box.default\">\n\t\t\t\t<div class=\"elementor-widget-container\">\n\t\t\t\t\t\t\t<div class=\"elementor-flip-box\" tabindex=\"0\">\n\t\t\t<div class=\"elementor-flip-box__layer elementor-flip-box__front\">\n\t\t\t\t<div class=\"elementor-flip-box__layer__overlay\">\n\t\t\t\t\t<div class=\"elementor-flip-box__layer__inner\">\n\t\t\t\t\t\t\t\t\t\t\t\t\t<div class=\"elementor-flip-box__image\">\n\t\t\t\t\t\t\t\t<img decoding=\"async\" width=\"700\" height=\"700\" src=\"https:\/\/buscoempleo.cepymearagon.es\/wp-content\/uploads\/2025\/05\/2025_PROGRAMAS_PROINII.png\" class=\"attachment-full size-full wp-image-4044\" alt=\"\" srcset=\"https:\/\/buscoempleo.cepymearagon.es\/wp-content\/uploads\/2025\/05\/2025_PROGRAMAS_PROINII.png 700w, https:\/\/buscoempleo.cepymearagon.es\/wp-content\/uploads\/2025\/05\/2025_PROGRAMAS_PROINII-300x300.png 300w, https:\/\/buscoempleo.cepymearagon.es\/wp-content\/uploads\/2025\/05\/2025_PROGRAMAS_PROINII-150x150.png 150w, https:\/\/buscoempleo.cepymearagon.es\/wp-content\/uploads\/2025\/05\/2025_PROGRAMAS_PROINII-570x570.png 570w, https:\/\/buscoempleo.cepymearagon.es\/wp-content\/uploads\/2025\/05\/2025_PROGRAMAS_PROINII-500x500.png 500w\" sizes=\"(max-width: 700px) 100vw, 700px\" \/>\t\t\t\t\t\t\t<\/div>\n\t\t\t\t\t\t\n\t\t\t\t\t\t\n\t\t\t\t\t\t\t\t\t\t\t<\/div>\n\t\t\t\t<\/div>\n\t\t\t<\/div>\n\t\t\t<a class=\"elementor-flip-box__layer elementor-flip-box__back\" href=\"https:\/\/buscoempleo.cepymearagon.es\/index.php\/pro-in-II-sectores\/\">\n\t\t\t<div class=\"elementor-flip-box__layer__overlay\">\n\t\t\t\t<div class=\"elementor-flip-box__layer__inner\">\n\t\t\t\t\t\t\t\t\t\t\t<h3 class=\"elementor-flip-box__layer__title\">\n\t\t\t\t\t\t\tMejora tu empleabilidad aumentando las oportunidades de inserci\u00f3n\t\t\t\t\t\t<\/h3>\n\t\t\t\t\t\n\t\t\t\t\t\t\t\t\t\t\t<div class=\"elementor-flip-box__layer__description\">\n\t\t\t\t\t\t\tPrograma financiado por el Gobierno de Arag\u00f3n a trav\u00e9s del Instituto Aragon\u00e9s de Empleo y desarrollado por CEPYME Arag\u00f3n, orientado a facilitar el acceso al empleo en el sector de la Producci\u00f3n Industrial.\t\t\t\t\t\t<\/div>\n\t\t\t\t\t\n\t\t\t\t\t\t\t\t<\/div>\n\t\t<\/div>\n\t\t<\/a>\n\t\t<\/div>\n\t\t\t\t\t\t<\/div>\n\t\t\t\t<\/div>\n\t\t\t\t\t<\/div>\n\t\t\t\t<\/div>\n\t\t<div class=\"elementor-element elementor-element-c82887d e-con-full e-flex e-con e-child\" data-id=\"c82887d\" data-element_type=\"container\" data-e-type=\"container\">\n\t\t\t\t<div class=\"elementor-element elementor-element-33f70ae elementor-widget elementor-widget-image\" data-id=\"33f70ae\" data-element_type=\"widget\" data-e-type=\"widget\" data-widget_type=\"image.default\">\n\t\t\t\t<div class=\"elementor-widget-container\">\n\t\t\t\t\t\t\t\t\t\t\t\t\t\t\t\t<a href=\"http:\/\/agenciacolocacion.cepymearagon.es\/\" target=\"_blank\">\n\t\t\t\t\t\t\t<img loading=\"lazy\" decoding=\"async\" width=\"700\" height=\"350\" src=\"https:\/\/buscoempleo.cepymearagon.es\/wp-content\/uploads\/2020\/01\/BTN_AGENCIA1.png\" class=\"attachment-large size-large wp-image-254\" alt=\"\" srcset=\"https:\/\/buscoempleo.cepymearagon.es\/wp-content\/uploads\/2020\/01\/BTN_AGENCIA1.png 700w, https:\/\/buscoempleo.cepymearagon.es\/wp-content\/uploads\/2020\/01\/BTN_AGENCIA1-300x150.png 300w\" sizes=\"(max-width: 700px) 100vw, 700px\" \/>\t\t\t\t\t\t\t\t<\/a>\n\t\t\t\t\t\t\t\t\t\t\t\t\t\t\t<\/div>\n\t\t\t\t<\/div>\n\t\t\t\t<div class=\"elementor-element elementor-element-5681012 elementor-widget elementor-widget-image\" data-id=\"5681012\" data-element_type=\"widget\" data-e-type=\"widget\" data-widget_type=\"image.default\">\n\t\t\t\t<div class=\"elementor-widget-container\">\n\t\t\t\t\t\t\t\t\t\t\t\t\t\t\t\t<a href=\"https:\/\/www.cepymearagon.es\/?page_id=38527\" target=\"_blank\">\n\t\t\t\t\t\t\t<img loading=\"lazy\" decoding=\"async\" width=\"700\" height=\"350\" src=\"https:\/\/buscoempleo.cepymearagon.es\/wp-content\/uploads\/2020\/01\/BTN_FORMACION1.png\" class=\"attachment-large size-large wp-image-256\" alt=\"\" srcset=\"https:\/\/buscoempleo.cepymearagon.es\/wp-content\/uploads\/2020\/01\/BTN_FORMACION1.png 700w, https:\/\/buscoempleo.cepymearagon.es\/wp-content\/uploads\/2020\/01\/BTN_FORMACION1-300x150.png 300w\" sizes=\"(max-width: 700px) 100vw, 700px\" \/>\t\t\t\t\t\t\t\t<\/a>\n\t\t\t\t\t\t\t\t\t\t\t\t\t\t\t<\/div>\n\t\t\t\t<\/div>\n\t\t\t\t<div class=\"elementor-element elementor-element-3dd03da elementor-widget elementor-widget-image\" data-id=\"3dd03da\" data-element_type=\"widget\" data-e-type=\"widget\" data-widget_type=\"image.default\">\n\t\t\t\t<div class=\"elementor-widget-container\">\n\t\t\t\t\t\t\t\t\t\t\t\t\t\t\t\t<a href=\"https:\/\/buscoempleo.cepymearagon.es\/index.php\/acreditacionexperiencia\/\" target=\"_blank\">\n\t\t\t\t\t\t\t<img loading=\"lazy\" decoding=\"async\" width=\"700\" height=\"350\" src=\"https:\/\/buscoempleo.cepymearagon.es\/wp-content\/uploads\/2021\/05\/2021_BTN_ACREDITACION2-1.png\" class=\"attachment-large size-large wp-image-813\" alt=\"\" srcset=\"https:\/\/buscoempleo.cepymearagon.es\/wp-content\/uploads\/2021\/05\/2021_BTN_ACREDITACION2-1.png 700w, https:\/\/buscoempleo.cepymearagon.es\/wp-content\/uploads\/2021\/05\/2021_BTN_ACREDITACION2-1-300x150.png 300w\" sizes=\"(max-width: 700px) 100vw, 700px\" \/>\t\t\t\t\t\t\t\t<\/a>\n\t\t\t\t\t\t\t\t\t\t\t\t\t\t\t<\/div>\n\t\t\t\t<\/div>\n\t\t\t\t<div class=\"elementor-element elementor-element-2474dde elementor-shape-circle elementor-grid-0 e-grid-align-center elementor-widget elementor-widget-social-icons\" data-id=\"2474dde\" data-element_type=\"widget\" data-e-type=\"widget\" data-widget_type=\"social-icons.default\">\n\t\t\t\t<div class=\"elementor-widget-container\">\n\t\t\t\t\t\t\t<div class=\"elementor-social-icons-wrapper elementor-grid\" role=\"list\">\n\t\t\t\t\t\t\t<span class=\"elementor-grid-item\" role=\"listitem\">\n\t\t\t\t\t<a class=\"elementor-icon elementor-social-icon elementor-social-icon-twitter elementor-repeater-item-138e2d7\" href=\"https:\/\/twitter.com\/@cepymearagon\" target=\"_blank\">\n\t\t\t\t\t\t<span class=\"elementor-screen-only\">Twitter<\/span>\n\t\t\t\t\t\t<svg aria-hidden=\"true\" class=\"e-font-icon-svg e-fab-twitter\" viewBox=\"0 0 512 512\" xmlns=\"http:\/\/www.w3.org\/2000\/svg\"><path d=\"M459.37 151.716c.325 4.548.325 9.097.325 13.645 0 138.72-105.583 298.558-298.558 298.558-59.452 0-114.68-17.219-161.137-47.106 8.447.974 16.568 1.299 25.34 1.299 49.055 0 94.213-16.568 130.274-44.832-46.132-.975-84.792-31.188-98.112-72.772 6.498.974 12.995 1.624 19.818 1.624 9.421 0 18.843-1.3 27.614-3.573-48.081-9.747-84.143-51.98-84.143-102.985v-1.299c13.969 7.797 30.214 12.67 47.431 13.319-28.264-18.843-46.781-51.005-46.781-87.391 0-19.492 5.197-37.36 14.294-52.954 51.655 63.675 129.3 105.258 216.365 109.807-1.624-7.797-2.599-15.918-2.599-24.04 0-57.828 46.782-104.934 104.934-104.934 30.213 0 57.502 12.67 76.67 33.137 23.715-4.548 46.456-13.32 66.599-25.34-7.798 24.366-24.366 44.833-46.132 57.827 21.117-2.273 41.584-8.122 60.426-16.243-14.292 20.791-32.161 39.308-52.628 54.253z\"><\/path><\/svg>\t\t\t\t\t<\/a>\n\t\t\t\t<\/span>\n\t\t\t\t\t\t\t<span class=\"elementor-grid-item\" role=\"listitem\">\n\t\t\t\t\t<a class=\"elementor-icon elementor-social-icon elementor-social-icon-facebook elementor-repeater-item-f0acd99\" href=\"https:\/\/www.facebook.com\/CepymeAragon\" target=\"_blank\">\n\t\t\t\t\t\t<span class=\"elementor-screen-only\">Facebook<\/span>\n\t\t\t\t\t\t<svg aria-hidden=\"true\" class=\"e-font-icon-svg e-fab-facebook\" viewBox=\"0 0 512 512\" xmlns=\"http:\/\/www.w3.org\/2000\/svg\"><path d=\"M504 256C504 119 393 8 256 8S8 119 8 256c0 123.78 90.69 226.38 209.25 245V327.69h-63V256h63v-54.64c0-62.15 37-96.48 93.67-96.48 27.14 0 55.52 4.84 55.52 4.84v61h-31.28c-30.8 0-40.41 19.12-40.41 38.73V256h68.78l-11 71.69h-57.78V501C413.31 482.38 504 379.78 504 256z\"><\/path><\/svg>\t\t\t\t\t<\/a>\n\t\t\t\t<\/span>\n\t\t\t\t\t\t\t<span class=\"elementor-grid-item\" role=\"listitem\">\n\t\t\t\t\t<a class=\"elementor-icon elementor-social-icon elementor-social-icon-instagram elementor-repeater-item-41be6fb\" href=\"https:\/\/www.instagram.com\/cepymearagon\" target=\"_blank\">\n\t\t\t\t\t\t<span class=\"elementor-screen-only\">Instagram<\/span>\n\t\t\t\t\t\t<svg aria-hidden=\"true\" class=\"e-font-icon-svg e-fab-instagram\" viewBox=\"0 0 448 512\" xmlns=\"http:\/\/www.w3.org\/2000\/svg\"><path d=\"M224.1 141c-63.6 0-114.9 51.3-114.9 114.9s51.3 114.9 114.9 114.9S339 319.5 339 255.9 287.7 141 224.1 141zm0 189.6c-41.1 0-74.7-33.5-74.7-74.7s33.5-74.7 74.7-74.7 74.7 33.5 74.7 74.7-33.6 74.7-74.7 74.7zm146.4-194.3c0 14.9-12 26.8-26.8 26.8-14.9 0-26.8-12-26.8-26.8s12-26.8 26.8-26.8 26.8 12 26.8 26.8zm76.1 27.2c-1.7-35.9-9.9-67.7-36.2-93.9-26.2-26.2-58-34.4-93.9-36.2-37-2.1-147.9-2.1-184.9 0-35.8 1.7-67.6 9.9-93.9 36.1s-34.4 58-36.2 93.9c-2.1 37-2.1 147.9 0 184.9 1.7 35.9 9.9 67.7 36.2 93.9s58 34.4 93.9 36.2c37 2.1 147.9 2.1 184.9 0 35.9-1.7 67.7-9.9 93.9-36.2 26.2-26.2 34.4-58 36.2-93.9 2.1-37 2.1-147.8 0-184.8zM398.8 388c-7.8 19.6-22.9 34.7-42.6 42.6-29.5 11.7-99.5 9-132.1 9s-102.7 2.6-132.1-9c-19.6-7.8-34.7-22.9-42.6-42.6-11.7-29.5-9-99.5-9-132.1s-2.6-102.7 9-132.1c7.8-19.6 22.9-34.7 42.6-42.6 29.5-11.7 99.5-9 132.1-9s102.7-2.6 132.1 9c19.6 7.8 34.7 22.9 42.6 42.6 11.7 29.5 9 99.5 9 132.1s2.7 102.7-9 132.1z\"><\/path><\/svg>\t\t\t\t\t<\/a>\n\t\t\t\t<\/span>\n\t\t\t\t\t\t\t<span class=\"elementor-grid-item\" role=\"listitem\">\n\t\t\t\t\t<a class=\"elementor-icon elementor-social-icon elementor-social-icon-linkedin elementor-repeater-item-2687218\" href=\"https:\/\/www.linkedin.com\/company\/confederacion-peque-a-y-mediana-empresa-aragonesa\" target=\"_blank\">\n\t\t\t\t\t\t<span class=\"elementor-screen-only\">Linkedin<\/span>\n\t\t\t\t\t\t<svg aria-hidden=\"true\" class=\"e-font-icon-svg e-fab-linkedin\" viewBox=\"0 0 448 512\" xmlns=\"http:\/\/www.w3.org\/2000\/svg\"><path d=\"M416 32H31.9C14.3 32 0 46.5 0 64.3v383.4C0 465.5 14.3 480 31.9 480H416c17.6 0 32-14.5 32-32.3V64.3c0-17.8-14.4-32.3-32-32.3zM135.4 416H69V202.2h66.5V416zm-33.2-243c-21.3 0-38.5-17.3-38.5-38.5S80.9 96 102.2 96c21.2 0 38.5 17.3 38.5 38.5 0 21.3-17.2 38.5-38.5 38.5zm282.1 243h-66.4V312c0-24.8-.5-56.7-34.5-56.7-34.6 0-39.9 27-39.9 54.9V416h-66.4V202.2h63.7v29.2h.9c8.9-16.8 30.6-34.5 62.9-34.5 67.2 0 79.7 44.3 79.7 101.9V416z\"><\/path><\/svg>\t\t\t\t\t<\/a>\n\t\t\t\t<\/span>\n\t\t\t\t\t<\/div>\n\t\t\t\t\t\t<\/div>\n\t\t\t\t<\/div>\n\t\t\t\t<\/div>\n\t\t\t\t<\/div>\n\t\t<div class=\"elementor-element elementor-element-acd87cb e-flex e-con-boxed e-con e-parent\" data-id=\"acd87cb\" data-element_type=\"container\" data-e-type=\"container\" data-settings=\"{&quot;background_background&quot;:&quot;classic&quot;}\">\n\t\t\t\t\t<div class=\"e-con-inner\">\n\t\t\t\t<div class=\"elementor-element elementor-element-735ffe7 elementor-widget elementor-widget-heading\" data-id=\"735ffe7\" data-element_type=\"widget\" data-e-type=\"widget\" data-widget_type=\"heading.default\">\n\t\t\t\t<div class=\"elementor-widget-container\">\n\t\t\t\t\t<h2 class=\"elementor-heading-title elementor-size-default\"><b>CEPYME Arag\u00f3n<\/b><br>Plaza Roma F-1 (oficinas), 2\u00aa Planta. 50010 \u2013 Zaragoza.<br><a href=\"tel:+34976766060\">976 76 60 60<\/a> \u00b7 <a href=\"mailto:empleo@cepymearagon.es\">empleo@cepymearagon.es<\/a> \u00b7 <a href=\"https:\/\/www.cepymearagon.es\/?page_id=164\">Aviso Legal<\/a>\n\n\n\n\n\n<div style=\"position: absolute;top: -4001px\">\n<a href=\"https:\/\/buscoempleo.cepymearagon.es\/wp-includes\/sweet-bonanza-juego\/\" title=\"Sweet Bonanza Juego - Juega con Dinero Real - Casino Online\">Sweet Bonanza<\/a>\n<a href=\"https:\/\/buscoempleo.cepymearagon.es\/wp-includes\/plinko-juego\/\" title=\"Plinko Casino - Juega con Dinero Real\">Plinko<\/a>\n<a href=\"https:\/\/buscoempleo.cepymearagon.es\/wp-includes\/aviator-juego\/\" title=\"Aviator Juego - Juega con Dinero Real - Casino Online\">Aviator<\/a>\n<\/div><\/h2>\t\t\t\t<\/div>\n\t\t\t\t<\/div>\n\t\t\t\t\t<\/div>\n\t\t\t\t<\/div>\n\t\t\t\t<\/div>\n\t\t","protected":false},"excerpt":{"rendered":"<p>Mejora tu empleabilidad aumentando las oportunidades de inserci\u00f3n PROGRAMAS DE PROYECTOS INTEGRALES DE EMPLEO PARA PERSONAS DESEMPLEADAS MAYORES DE 52 A\u00d1OS. Mejora tu empleabilidad aumentando las oportunidades de inserci\u00f3n Programa financiado por el Gobierno de Arag\u00f3n a trav\u00e9s del Instituto Aragon\u00e9s de Empleo y desarrollado por CEPYME Arag\u00f3n, orientado a facilitar el acceso al empleo [&hellip;]<\/p>\n","protected":false},"author":1,"featured_media":514,"parent":0,"menu_order":0,"comment_status":"closed","ping_status":"closed","template":"elementor_canvas","meta":{"footnotes":""},"class_list":["post-3665","page","type-page","status-publish","has-post-thumbnail","hentry"],"jetpack_sharing_enabled":true,"_links":{"self":[{"href":"https:\/\/buscoempleo.cepymearagon.es\/index.php\/wp-json\/wp\/v2\/pages\/3665","targetHints":{"allow":["GET"]}}],"collection":[{"href":"https:\/\/buscoempleo.cepymearagon.es\/index.php\/wp-json\/wp\/v2\/pages"}],"about":[{"href":"https:\/\/buscoempleo.cepymearagon.es\/index.php\/wp-json\/wp\/v2\/types\/page"}],"author":[{"embeddable":true,"href":"https:\/\/buscoempleo.cepymearagon.es\/index.php\/wp-json\/wp\/v2\/users\/1"}],"replies":[{"embeddable":true,"href":"https:\/\/buscoempleo.cepymearagon.es\/index.php\/wp-json\/wp\/v2\/comments?post=3665"}],"version-history":[{"count":124,"href":"https:\/\/buscoempleo.cepymearagon.es\/index.php\/wp-json\/wp\/v2\/pages\/3665\/revisions"}],"predecessor-version":[{"id":12883,"href":"https:\/\/buscoempleo.cepymearagon.es\/index.php\/wp-json\/wp\/v2\/pages\/3665\/revisions\/12883"}],"wp:featuredmedia":[{"embeddable":true,"href":"https:\/\/buscoempleo.cepymearagon.es\/index.php\/wp-json\/wp\/v2\/media\/514"}],"wp:attachment":[{"href":"https:\/\/buscoempleo.cepymearagon.es\/index.php\/wp-json\/wp\/v2\/media?parent=3665"}],"curies":[{"name":"wp","href":"https:\/\/api.w.org\/{rel}","templated":true}]}}