{"id":3802,"date":"2024-04-20T11:03:12","date_gmt":"2024-04-20T11:03:12","guid":{"rendered":"https:\/\/buscoempleo.cepymearagon.es\/?page_id=3802"},"modified":"2025-06-12T06:36:49","modified_gmt":"2025-06-12T06:36:49","slug":"pro-in","status":"publish","type":"page","link":"https:\/\/buscoempleo.cepymearagon.es\/index.php\/pro-in\/","title":{"rendered":"PRO-IN"},"content":{"rendered":"\t\t<div data-elementor-type=\"wp-page\" data-elementor-id=\"3802\" class=\"elementor elementor-3802\" data-elementor-post-type=\"page\">\n\t\t\t\t<div class=\"elementor-element elementor-element-50b764c e-con-full elementor-hidden-mobile e-flex e-con e-parent\" data-id=\"50b764c\" data-element_type=\"container\" data-e-type=\"container\" data-settings=\"{&quot;background_background&quot;:&quot;classic&quot;}\">\n\t\t\t\t<div class=\"elementor-element elementor-element-3ae0ed4 elementor-view-default elementor-widget elementor-widget-icon\" data-id=\"3ae0ed4\" data-element_type=\"widget\" data-e-type=\"widget\" data-widget_type=\"icon.default\">\n\t\t\t\t<div class=\"elementor-widget-container\">\n\t\t\t\t\t\t\t<div class=\"elementor-icon-wrapper\">\n\t\t\t<a class=\"elementor-icon\" href=\"https:\/\/buscoempleo.cepymearagon.es\">\n\t\t\t<svg aria-hidden=\"true\" class=\"e-font-icon-svg e-fas-home\" viewBox=\"0 0 576 512\" xmlns=\"http:\/\/www.w3.org\/2000\/svg\"><path d=\"M280.37 148.26L96 300.11V464a16 16 0 0 0 16 16l112.06-.29a16 16 0 0 0 15.92-16V368a16 16 0 0 1 16-16h64a16 16 0 0 1 16 16v95.64a16 16 0 0 0 16 16.05L464 480a16 16 0 0 0 16-16V300L295.67 148.26a12.19 12.19 0 0 0-15.3 0zM571.6 251.47L488 182.56V44.05a12 12 0 0 0-12-12h-56a12 12 0 0 0-12 12v72.61L318.47 43a48 48 0 0 0-61 0L4.34 251.47a12 12 0 0 0-1.6 16.9l25.5 31A12 12 0 0 0 45.15 301l235.22-193.74a12.19 12.19 0 0 1 15.3 0L530.9 301a12 12 0 0 0 16.9-1.6l25.5-31a12 12 0 0 0-1.7-16.93z\"><\/path><\/svg>\t\t\t<\/a>\n\t\t<\/div>\n\t\t\t\t\t\t<\/div>\n\t\t\t\t<\/div>\n\t\t\t\t<\/div>\n\t\t<div class=\"elementor-element elementor-element-0a5238b e-con-full e-flex e-con e-parent\" data-id=\"0a5238b\" data-element_type=\"container\" data-e-type=\"container\" data-settings=\"{&quot;background_background&quot;:&quot;classic&quot;}\">\n\t\t\t\t<div class=\"elementor-element elementor-element-65360d7 elementor-hidden-desktop elementor-hidden-tablet elementor-widget elementor-widget-image\" data-id=\"65360d7\" data-element_type=\"widget\" data-e-type=\"widget\" data-widget_type=\"image.default\">\n\t\t\t\t<div class=\"elementor-widget-container\">\n\t\t\t\t\t\t\t\t\t\t\t\t\t\t\t\t<a href=\"https:\/\/buscoempleo.cepymearagon.es\">\n\t\t\t\t\t\t\t<img fetchpriority=\"high\" decoding=\"async\" width=\"1024\" height=\"664\" src=\"https:\/\/buscoempleo.cepymearagon.es\/wp-content\/uploads\/2024\/04\/2024_PROIN_CABECERA-1024x664.png\" class=\"attachment-large size-large wp-image-3824\" alt=\"\" srcset=\"https:\/\/buscoempleo.cepymearagon.es\/wp-content\/uploads\/2024\/04\/2024_PROIN_CABECERA-1024x664.png 1024w, https:\/\/buscoempleo.cepymearagon.es\/wp-content\/uploads\/2024\/04\/2024_PROIN_CABECERA-300x194.png 300w, https:\/\/buscoempleo.cepymearagon.es\/wp-content\/uploads\/2024\/04\/2024_PROIN_CABECERA-768x498.png 768w, https:\/\/buscoempleo.cepymearagon.es\/wp-content\/uploads\/2024\/04\/2024_PROIN_CABECERA-400x260.png 400w, https:\/\/buscoempleo.cepymearagon.es\/wp-content\/uploads\/2024\/04\/2024_PROIN_CABECERA-700x454.png 700w, https:\/\/buscoempleo.cepymearagon.es\/wp-content\/uploads\/2024\/04\/2024_PROIN_CABECERA.png 1080w\" sizes=\"(max-width: 1024px) 100vw, 1024px\" \/>\t\t\t\t\t\t\t\t<\/a>\n\t\t\t\t\t\t\t\t\t\t\t\t\t\t\t<\/div>\n\t\t\t\t<\/div>\n\t\t\t\t<div class=\"elementor-element elementor-element-1991d5f elementor-widget elementor-widget-heading\" data-id=\"1991d5f\" data-element_type=\"widget\" data-e-type=\"widget\" data-widget_type=\"heading.default\">\n\t\t\t\t<div class=\"elementor-widget-container\">\n\t\t\t\t\t<h2 class=\"elementor-heading-title elementor-size-default\">PROGRAMA INTEGRAL DE EMPLEO PARA EL SECTOR INDUSTRIA ALIMENTARIA<\/h2>\t\t\t\t<\/div>\n\t\t\t\t<\/div>\n\t\t\t\t<div class=\"elementor-element elementor-element-9d78ba7 elementor-widget elementor-widget-heading\" data-id=\"9d78ba7\" data-element_type=\"widget\" data-e-type=\"widget\" data-widget_type=\"heading.default\">\n\t\t\t\t<div class=\"elementor-widget-container\">\n\t\t\t\t\t<h2 class=\"elementor-heading-title elementor-size-default\">CEPYME en colaboraci\u00f3n con el INAEM pone en marcha un Programa gratuito dirigido a personas desempleadas en b\u00fasqueda activa de empleo y a trabajadores\/as fijos discontinuos en periodos de inactividad, de la provincia de Zaragoza.<\/h2>\t\t\t\t<\/div>\n\t\t\t\t<\/div>\n\t\t<div class=\"elementor-element elementor-element-0334763 e-con-full e-flex e-con e-child\" data-id=\"0334763\" data-element_type=\"container\" data-e-type=\"container\">\n\t\t<div class=\"elementor-element elementor-element-2903104 e-con-full e-flex e-con e-child\" data-id=\"2903104\" data-element_type=\"container\" data-e-type=\"container\">\n\t\t\t\t<div class=\"elementor-element elementor-element-ec17432 elementor-widget elementor-widget-text-editor\" data-id=\"ec17432\" data-element_type=\"widget\" data-e-type=\"widget\" data-widget_type=\"text-editor.default\">\n\t\t\t\t<div class=\"elementor-widget-container\">\n\t\t\t\t\t\t\t\t\t<h6><span class=\"s7\">Ofrecemos <\/span><span class=\"s7\">formaci\u00f3n cualificada en el sector <\/span><span class=\"s7\">de la industria alimentaria, <\/span><span class=\"s7\">orientaci\u00f3n profesional, elaboraci\u00f3n de un itinerario personalizado, asesoramiento individual<\/span><span class=\"s7\">izado<\/span><span class=\"s7\">, contact<\/span><span class=\"s7\">amos<\/span><span class=\"s7\"> con empresas y <\/span><span class=\"s7\">gestionamos <\/span><span class=\"s7\">ofertas acordes al perfil de las personas participantes en el programa, contactando con empresas del sector<\/span><span class=\"s7\">.<\/span><\/h6>\t\t\t\t\t\t\t\t<\/div>\n\t\t\t\t<\/div>\n\t\t\t\t<div class=\"elementor-element elementor-element-7f7645c elementor-widget elementor-widget-text-editor\" data-id=\"7f7645c\" data-element_type=\"widget\" data-e-type=\"widget\" data-widget_type=\"text-editor.default\">\n\t\t\t\t<div class=\"elementor-widget-container\">\n\t\t\t\t\t\t\t\t\t<h2>FORMACI\u00d3N GRATUITA<span style=\"font-size: 16px;\">\u00a0<\/span><\/h2>\t\t\t\t\t\t\t\t<\/div>\n\t\t\t\t<\/div>\n\t\t\t\t<div class=\"elementor-element elementor-element-05cb6e9 elementor-icon-list--layout-traditional elementor-list-item-link-full_width elementor-widget elementor-widget-icon-list\" data-id=\"05cb6e9\" data-element_type=\"widget\" data-e-type=\"widget\" data-widget_type=\"icon-list.default\">\n\t\t\t\t<div class=\"elementor-widget-container\">\n\t\t\t\t\t\t\t<ul class=\"elementor-icon-list-items\">\n\t\t\t\t\t\t\t<li class=\"elementor-icon-list-item\">\n\t\t\t\t\t\t\t\t\t\t\t<span class=\"elementor-icon-list-icon\">\n\t\t\t\t\t\t\t<svg aria-hidden=\"true\" class=\"e-font-icon-svg e-fas-drumstick-bite\" viewBox=\"0 0 512 512\" xmlns=\"http:\/\/www.w3.org\/2000\/svg\"><path d=\"M462.8 49.57a169.44 169.44 0 0 0-239.5 0C187.82 85 160.13 128 160.13 192v85.83l-40.62 40.59c-9.7 9.69-24 11.07-36.78 6a60.33 60.33 0 0 0-65 98.72C33 438.39 54.24 442.7 73.85 438.21c-4.5 19.6-.18 40.83 15.1 56.1a60.35 60.35 0 0 0 98.8-65c-5.09-12.73-3.72-27 6-36.75L234.36 352h85.89a187.87 187.87 0 0 0 61.89-10c-39.64-43.89-39.83-110.23 1.05-151.07 34.38-34.36 86.76-39.46 128.74-16.8 1.3-44.96-14.81-90.28-49.13-124.56z\"><\/path><\/svg>\t\t\t\t\t\t<\/span>\n\t\t\t\t\t\t\t\t\t\t<span class=\"elementor-icon-list-text\">Operaciones auxiliares de elaboraci\u00f3n en la industria alimentaria.<br>(90h.)<\/span>\n\t\t\t\t\t\t\t\t\t<\/li>\n\t\t\t\t\t\t\t\t<li class=\"elementor-icon-list-item\">\n\t\t\t\t\t\t\t\t\t\t\t<span class=\"elementor-icon-list-icon\">\n\t\t\t\t\t\t\t<svg xmlns=\"http:\/\/www.w3.org\/2000\/svg\" viewBox=\"0 0 1300 1051\" width=\"1300\" height=\"1051\"><title>ico_carretilla-svg<\/title><style>\t\t.s0 { fill: #000000 } \t<\/style><path id=\"Layer\" fill-rule=\"evenodd\" class=\"s0\" d=\"m875.4 851.9c-11.3 0-22.1-6.7-26.9-17.8l-338.4-787.9c-6.4-14.9 0.5-32.1 15.3-38.5 14.9-6.3 32.1 0.5 38.5 15.4l326.9 761.1 367.1-156.3c14.9-6.4 32.1 0.6 38.4 15.5 6.4 14.9-0.5 32.1-15.4 38.4l-394 167.7c-3.8 1.6-7.7 2.4-11.5 2.4zm344-286.9c6.3 14.9-0.6 32.1-15.5 38.4l-259.6 110.6c-14.9 6.3-32.1-0.7-38.4-15.5l-120.8-283.9c-6.3-14.8 0.6-32 15.5-38.4l259.5-110.5c14.9-6.3 32.1 0.6 38.5 15.5zm-558.8 193.3c80.9 0 146.4 65.5 146.4 146.4 0 80.8-65.5 146.4-146.4 146.4-80.8 0-146.4-65.6-146.4-146.4 0-80.9 65.6-146.4 146.4-146.4zm-185.2 180.6h-206.7c0-85.2-69-154.3-154.3-154.3-44.5 0-84.5 19-112.6 49.1v-236.9c0-16.2 13.1-29.3 29.3-29.3h46.8v-328c0-20.2 16.3-36.6 36.6-36.6h383.6c14.7 0 27.9 8.7 33.7 22.2l189.6 442.4c2.3 5.6 3.1 11.3 2.7 17q0 0 0 0.1v42.8c-19.9-7.1-41.2-11.2-63.4-11.2-104.1 0-188.5 84.4-188.5 188.5-0.1 11.7 1.2 23.1 3.2 34.2zm-63.3-283.6h224.4l-162.6-379.2h-322.9v291.4h219.8zm-297.7 171.4c62 0 112.2 50.2 112.2 112.1 0 62-50.2 112.3-112.2 112.3-62 0-112.2-50.3-112.2-112.3 0-61.9 50.2-112.1 112.2-112.1z\"><\/path><\/svg>\t\t\t\t\t\t<\/span>\n\t\t\t\t\t\t\t\t\t\t<span class=\"elementor-icon-list-text\">Manipulaci\u00f3n de cargas con carretillas elevadoras.<br>(60h)<\/span>\n\t\t\t\t\t\t\t\t\t<\/li>\n\t\t\t\t\t\t<\/ul>\n\t\t\t\t\t\t<\/div>\n\t\t\t\t<\/div>\n\t\t\t\t<div class=\"elementor-element elementor-element-db0c61f elementor-widget elementor-widget-heading\" data-id=\"db0c61f\" data-element_type=\"widget\" data-e-type=\"widget\" data-widget_type=\"heading.default\">\n\t\t\t\t<div class=\"elementor-widget-container\">\n\t\t\t\t\t<h2 class=\"elementor-heading-title elementor-size-default\">El objetivo del PRO-IN es mejorar la empleabilidad de los\/as usuarios\/as aumentando las oportunidades de inserci\u00f3n.<\/h2>\t\t\t\t<\/div>\n\t\t\t\t<\/div>\n\t\t\t\t<div class=\"elementor-element elementor-element-2539869 elementor-widget elementor-widget-heading\" data-id=\"2539869\" data-element_type=\"widget\" data-e-type=\"widget\" data-widget_type=\"heading.default\">\n\t\t\t\t<div class=\"elementor-widget-container\">\n\t\t\t\t\t<h2 class=\"elementor-heading-title elementor-size-default\">Programa financiado por el Gobierno de Arag\u00f3n, a trav\u00e9s del Instituto Aragon\u00e9s de Empleo.<\/h2>\t\t\t\t<\/div>\n\t\t\t\t<\/div>\n\t\t\t\t<div class=\"elementor-element elementor-element-e3cdd13 elementor-widget elementor-widget-heading\" data-id=\"e3cdd13\" data-element_type=\"widget\" data-e-type=\"widget\" data-widget_type=\"heading.default\">\n\t\t\t\t<div class=\"elementor-widget-container\">\n\t\t\t\t\t<h2 class=\"elementor-heading-title elementor-size-default\"><b>CONTACTO<\/b><BR><br>\nSi est\u00e1s interesad@ contacta con nosotr@s <br>\nTfno.:<b> 976 766060<\/b> <br>\nPlaza Roma F1, 2\u00aa planta. 50010 Zaragoza<\/h2>\t\t\t\t<\/div>\n\t\t\t\t<\/div>\n\t\t\t\t<\/div>\n\t\t<div class=\"elementor-element elementor-element-6e24541 e-flex e-con-boxed e-con e-child\" data-id=\"6e24541\" data-element_type=\"container\" data-e-type=\"container\" data-settings=\"{&quot;background_background&quot;:&quot;classic&quot;}\">\n\t\t\t\t\t<div class=\"e-con-inner\">\n\t\t\t\t<div class=\"elementor-element elementor-element-bde892e elementor-widget elementor-widget-heading\" data-id=\"bde892e\" data-element_type=\"widget\" data-e-type=\"widget\" data-widget_type=\"heading.default\">\n\t\t\t\t<div class=\"elementor-widget-container\">\n\t\t\t\t\t<h2 class=\"elementor-heading-title elementor-size-default\"><b>FORMULARIO DE INSCRIPCI\u00d3N<\/b><\/h2>\t\t\t\t<\/div>\n\t\t\t\t<\/div>\n\t\t\t\t<div class=\"elementor-element elementor-element-dd46758 e-transform elementor-widget elementor-widget-heading\" data-id=\"dd46758\" data-element_type=\"widget\" data-e-type=\"widget\" data-settings=\"{&quot;_transform_skewX_effect&quot;:{&quot;unit&quot;:&quot;px&quot;,&quot;size&quot;:0,&quot;sizes&quot;:[]},&quot;_transform_skewX_effect_tablet&quot;:{&quot;unit&quot;:&quot;deg&quot;,&quot;size&quot;:&quot;&quot;,&quot;sizes&quot;:[]},&quot;_transform_skewX_effect_mobile&quot;:{&quot;unit&quot;:&quot;deg&quot;,&quot;size&quot;:&quot;&quot;,&quot;sizes&quot;:[]},&quot;_transform_skewY_effect&quot;:{&quot;unit&quot;:&quot;px&quot;,&quot;size&quot;:&quot;&quot;,&quot;sizes&quot;:[]},&quot;_transform_skewY_effect_tablet&quot;:{&quot;unit&quot;:&quot;deg&quot;,&quot;size&quot;:&quot;&quot;,&quot;sizes&quot;:[]},&quot;_transform_skewY_effect_mobile&quot;:{&quot;unit&quot;:&quot;deg&quot;,&quot;size&quot;:&quot;&quot;,&quot;sizes&quot;:[]}}\" data-widget_type=\"heading.default\">\n\t\t\t\t<div class=\"elementor-widget-container\">\n\t\t\t\t\t<h2 class=\"elementor-heading-title elementor-size-default\">Proceso de Selecci\u00f3n<br>CERRADO<\/h2>\t\t\t\t<\/div>\n\t\t\t\t<\/div>\n\t\t\t\t\t<\/div>\n\t\t\t\t<\/div>\n\t\t\t\t<\/div>\n\t\t\t\t<\/div>\n\t\t<div class=\"elementor-element elementor-element-5601623 e-flex e-con-boxed e-con e-parent\" data-id=\"5601623\" data-element_type=\"container\" data-e-type=\"container\" data-settings=\"{&quot;background_background&quot;:&quot;classic&quot;}\">\n\t\t\t\t\t<div class=\"e-con-inner\">\n\t\t\t\t<div class=\"elementor-element elementor-element-94a632e elementor-widget__width-initial elementor-widget elementor-widget-heading\" data-id=\"94a632e\" data-element_type=\"widget\" data-e-type=\"widget\" data-widget_type=\"heading.default\">\n\t\t\t\t<div class=\"elementor-widget-container\">\n\t\t\t\t\t<h2 class=\"elementor-heading-title elementor-size-default\">CEPYME Arag\u00f3n - Plaza Roma F-1 (oficinas) 2\u00aa Planta. 50010 - Zaragoza<\/h2>\t\t\t\t<\/div>\n\t\t\t\t<\/div>\n\t\t\t\t<div class=\"elementor-element elementor-element-1c5fc1e elementor-widget elementor-widget-image\" data-id=\"1c5fc1e\" data-element_type=\"widget\" data-e-type=\"widget\" data-widget_type=\"image.default\">\n\t\t\t\t<div class=\"elementor-widget-container\">\n\t\t\t\t\t\t\t\t\t\t\t\t\t\t\t\t<a href=\"https:\/\/twitter.com\/@cepymearagon\">\n\t\t\t\t\t\t\t<img decoding=\"async\" width=\"208\" height=\"208\" src=\"https:\/\/buscoempleo.cepymearagon.es\/wp-content\/uploads\/2024\/04\/fffffffTransp_X-Twitter.png\" class=\"attachment-large size-large wp-image-3896\" alt=\"\" srcset=\"https:\/\/buscoempleo.cepymearagon.es\/wp-content\/uploads\/2024\/04\/fffffffTransp_X-Twitter.png 208w, https:\/\/buscoempleo.cepymearagon.es\/wp-content\/uploads\/2024\/04\/fffffffTransp_X-Twitter-150x150.png 150w\" sizes=\"(max-width: 208px) 100vw, 208px\" \/>\t\t\t\t\t\t\t\t<\/a>\n\t\t\t\t\t\t\t\t\t\t\t\t\t\t\t<\/div>\n\t\t\t\t<\/div>\n\t\t\t\t<div class=\"elementor-element elementor-element-dda40e5 elementor-widget elementor-widget-image\" data-id=\"dda40e5\" data-element_type=\"widget\" data-e-type=\"widget\" data-widget_type=\"image.default\">\n\t\t\t\t<div class=\"elementor-widget-container\">\n\t\t\t\t\t\t\t\t\t\t\t\t\t\t\t\t<a href=\"https:\/\/www.facebook.com\/CepymeAragon\">\n\t\t\t\t\t\t\t<img decoding=\"async\" width=\"208\" height=\"208\" src=\"https:\/\/buscoempleo.cepymearagon.es\/wp-content\/uploads\/2024\/04\/fffffffTransp_Facebook.png\" class=\"attachment-large size-large wp-image-3891\" alt=\"\" srcset=\"https:\/\/buscoempleo.cepymearagon.es\/wp-content\/uploads\/2024\/04\/fffffffTransp_Facebook.png 208w, https:\/\/buscoempleo.cepymearagon.es\/wp-content\/uploads\/2024\/04\/fffffffTransp_Facebook-150x150.png 150w\" sizes=\"(max-width: 208px) 100vw, 208px\" \/>\t\t\t\t\t\t\t\t<\/a>\n\t\t\t\t\t\t\t\t\t\t\t\t\t\t\t<\/div>\n\t\t\t\t<\/div>\n\t\t\t\t<div class=\"elementor-element elementor-element-42d40e8 elementor-widget elementor-widget-image\" data-id=\"42d40e8\" data-element_type=\"widget\" data-e-type=\"widget\" data-widget_type=\"image.default\">\n\t\t\t\t<div class=\"elementor-widget-container\">\n\t\t\t\t\t\t\t\t\t\t\t\t\t\t\t\t<a href=\"https:\/\/www.instagram.com\/cepymearagon\">\n\t\t\t\t\t\t\t<img loading=\"lazy\" decoding=\"async\" width=\"208\" height=\"208\" src=\"https:\/\/buscoempleo.cepymearagon.es\/wp-content\/uploads\/2024\/04\/fffffffTransp_Instagram.png\" class=\"attachment-large size-large wp-image-3892\" alt=\"\" srcset=\"https:\/\/buscoempleo.cepymearagon.es\/wp-content\/uploads\/2024\/04\/fffffffTransp_Instagram.png 208w, https:\/\/buscoempleo.cepymearagon.es\/wp-content\/uploads\/2024\/04\/fffffffTransp_Instagram-150x150.png 150w\" sizes=\"(max-width: 208px) 100vw, 208px\" \/>\t\t\t\t\t\t\t\t<\/a>\n\t\t\t\t\t\t\t\t\t\t\t\t\t\t\t<\/div>\n\t\t\t\t<\/div>\n\t\t\t\t<div class=\"elementor-element elementor-element-6947878 elementor-widget elementor-widget-image\" data-id=\"6947878\" data-element_type=\"widget\" data-e-type=\"widget\" data-widget_type=\"image.default\">\n\t\t\t\t<div class=\"elementor-widget-container\">\n\t\t\t\t\t\t\t\t\t\t\t\t\t\t\t\t<a href=\"https:\/\/www.linkedin.com\/company\/confederacion-peque-a-y-mediana-empresa-aragonesa\">\n\t\t\t\t\t\t\t<img loading=\"lazy\" decoding=\"async\" width=\"208\" height=\"208\" src=\"https:\/\/buscoempleo.cepymearagon.es\/wp-content\/uploads\/2024\/04\/fffffffTransp_LinkedIn.png\" class=\"attachment-large size-large wp-image-3893\" alt=\"\" srcset=\"https:\/\/buscoempleo.cepymearagon.es\/wp-content\/uploads\/2024\/04\/fffffffTransp_LinkedIn.png 208w, https:\/\/buscoempleo.cepymearagon.es\/wp-content\/uploads\/2024\/04\/fffffffTransp_LinkedIn-150x150.png 150w\" sizes=\"(max-width: 208px) 100vw, 208px\" \/>\t\t\t\t\t\t\t\t<\/a>\n\t\t\t\t\t\t\t\t\t\t\t\t\t\t\t<\/div>\n\t\t\t\t<\/div>\n\t\t\t\t\t<\/div>\n\t\t\t\t<\/div>\n\t\t\t\t<\/div>\n\t\t","protected":false},"excerpt":{"rendered":"<p>PROGRAMA INTEGRAL DE EMPLEO PARA EL SECTOR INDUSTRIA ALIMENTARIA CEPYME en colaboraci\u00f3n con el INAEM pone en marcha un Programa gratuito dirigido a personas desempleadas en b\u00fasqueda activa de empleo y a trabajadores\/as fijos discontinuos en periodos de inactividad, de la provincia de Zaragoza. Ofrecemos formaci\u00f3n cualificada en el sector de la industria alimentaria, orientaci\u00f3n [&hellip;]<\/p>\n","protected":false},"author":1,"featured_media":3935,"parent":0,"menu_order":0,"comment_status":"closed","ping_status":"closed","template":"elementor_canvas","meta":{"footnotes":""},"class_list":["post-3802","page","type-page","status-publish","has-post-thumbnail","hentry"],"jetpack_sharing_enabled":true,"_links":{"self":[{"href":"https:\/\/buscoempleo.cepymearagon.es\/index.php\/wp-json\/wp\/v2\/pages\/3802","targetHints":{"allow":["GET"]}}],"collection":[{"href":"https:\/\/buscoempleo.cepymearagon.es\/index.php\/wp-json\/wp\/v2\/pages"}],"about":[{"href":"https:\/\/buscoempleo.cepymearagon.es\/index.php\/wp-json\/wp\/v2\/types\/page"}],"author":[{"embeddable":true,"href":"https:\/\/buscoempleo.cepymearagon.es\/index.php\/wp-json\/wp\/v2\/users\/1"}],"replies":[{"embeddable":true,"href":"https:\/\/buscoempleo.cepymearagon.es\/index.php\/wp-json\/wp\/v2\/comments?post=3802"}],"version-history":[{"count":107,"href":"https:\/\/buscoempleo.cepymearagon.es\/index.php\/wp-json\/wp\/v2\/pages\/3802\/revisions"}],"predecessor-version":[{"id":4126,"href":"https:\/\/buscoempleo.cepymearagon.es\/index.php\/wp-json\/wp\/v2\/pages\/3802\/revisions\/4126"}],"wp:featuredmedia":[{"embeddable":true,"href":"https:\/\/buscoempleo.cepymearagon.es\/index.php\/wp-json\/wp\/v2\/media\/3935"}],"wp:attachment":[{"href":"https:\/\/buscoempleo.cepymearagon.es\/index.php\/wp-json\/wp\/v2\/media?parent=3802"}],"curies":[{"name":"wp","href":"https:\/\/api.w.org\/{rel}","templated":true}]}}