{"id":3994,"date":"2025-01-08T09:05:23","date_gmt":"2025-01-08T09:05:23","guid":{"rendered":"https:\/\/buscoempleo.cepymearagon.es\/?page_id=3994"},"modified":"2025-12-10T10:27:15","modified_gmt":"2025-12-10T10:27:15","slug":"pro-in-52","status":"publish","type":"page","link":"https:\/\/buscoempleo.cepymearagon.es\/index.php\/pro-in-52\/","title":{"rendered":"PRO-IN +52"},"content":{"rendered":"\t\t<div data-elementor-type=\"wp-page\" data-elementor-id=\"3994\" class=\"elementor elementor-3994\" data-elementor-post-type=\"page\">\n\t\t\t\t<div class=\"elementor-element elementor-element-50b764c e-con-full elementor-hidden-mobile e-flex e-con e-parent\" data-id=\"50b764c\" data-element_type=\"container\" data-e-type=\"container\" data-settings=\"{&quot;background_background&quot;:&quot;classic&quot;,&quot;position&quot;:&quot;fixed&quot;}\">\n\t\t\t\t<\/div>\n\t\t<div class=\"elementor-element elementor-element-052a9e9 e-con-full elementor-hidden-mobile e-flex e-con e-parent\" data-id=\"052a9e9\" data-element_type=\"container\" data-e-type=\"container\" data-settings=\"{&quot;background_background&quot;:&quot;classic&quot;}\">\n\t\t\t\t<div class=\"elementor-element elementor-element-2b03efc elementor-view-default elementor-widget elementor-widget-icon\" data-id=\"2b03efc\" data-element_type=\"widget\" data-e-type=\"widget\" data-widget_type=\"icon.default\">\n\t\t\t\t<div class=\"elementor-widget-container\">\n\t\t\t\t\t\t\t<div class=\"elementor-icon-wrapper\">\n\t\t\t<a class=\"elementor-icon\" href=\"https:\/\/buscoempleo.cepymearagon.es\">\n\t\t\t<svg aria-hidden=\"true\" class=\"e-font-icon-svg e-fas-home\" viewBox=\"0 0 576 512\" xmlns=\"http:\/\/www.w3.org\/2000\/svg\"><path d=\"M280.37 148.26L96 300.11V464a16 16 0 0 0 16 16l112.06-.29a16 16 0 0 0 15.92-16V368a16 16 0 0 1 16-16h64a16 16 0 0 1 16 16v95.64a16 16 0 0 0 16 16.05L464 480a16 16 0 0 0 16-16V300L295.67 148.26a12.19 12.19 0 0 0-15.3 0zM571.6 251.47L488 182.56V44.05a12 12 0 0 0-12-12h-56a12 12 0 0 0-12 12v72.61L318.47 43a48 48 0 0 0-61 0L4.34 251.47a12 12 0 0 0-1.6 16.9l25.5 31A12 12 0 0 0 45.15 301l235.22-193.74a12.19 12.19 0 0 1 15.3 0L530.9 301a12 12 0 0 0 16.9-1.6l25.5-31a12 12 0 0 0-1.7-16.93z\"><\/path><\/svg>\t\t\t<\/a>\n\t\t<\/div>\n\t\t\t\t\t\t<\/div>\n\t\t\t\t<\/div>\n\t\t\t\t<\/div>\n\t\t<div class=\"elementor-element elementor-element-0a5238b e-con-full e-flex e-con e-parent\" data-id=\"0a5238b\" data-element_type=\"container\" data-e-type=\"container\" data-settings=\"{&quot;background_background&quot;:&quot;classic&quot;}\">\n\t\t\t\t<div class=\"elementor-element elementor-element-4cc5ce9 elementor-hidden-desktop elementor-hidden-tablet elementor-widget elementor-widget-image\" data-id=\"4cc5ce9\" data-element_type=\"widget\" data-e-type=\"widget\" data-widget_type=\"image.default\">\n\t\t\t\t<div class=\"elementor-widget-container\">\n\t\t\t\t\t\t\t\t\t\t\t\t\t\t\t\t<a href=\"https:\/\/buscoempleo.cepymearagon.es\">\n\t\t\t\t\t\t\t<img fetchpriority=\"high\" decoding=\"async\" width=\"1024\" height=\"480\" src=\"https:\/\/buscoempleo.cepymearagon.es\/wp-content\/uploads\/2025\/06\/1-1024x480.png\" class=\"attachment-large size-large wp-image-4084\" alt=\"\" srcset=\"https:\/\/buscoempleo.cepymearagon.es\/wp-content\/uploads\/2025\/06\/1-1024x480.png 1024w, https:\/\/buscoempleo.cepymearagon.es\/wp-content\/uploads\/2025\/06\/1-300x141.png 300w, https:\/\/buscoempleo.cepymearagon.es\/wp-content\/uploads\/2025\/06\/1-768x360.png 768w, https:\/\/buscoempleo.cepymearagon.es\/wp-content\/uploads\/2025\/06\/1-1536x720.png 1536w, https:\/\/buscoempleo.cepymearagon.es\/wp-content\/uploads\/2025\/06\/1-700x328.png 700w, https:\/\/buscoempleo.cepymearagon.es\/wp-content\/uploads\/2025\/06\/1.png 1920w\" sizes=\"(max-width: 1024px) 100vw, 1024px\" \/>\t\t\t\t\t\t\t\t<\/a>\n\t\t\t\t\t\t\t\t\t\t\t\t\t\t\t<\/div>\n\t\t\t\t<\/div>\n\t\t\t\t<div class=\"elementor-element elementor-element-1991d5f elementor-widget elementor-widget-heading\" data-id=\"1991d5f\" data-element_type=\"widget\" data-e-type=\"widget\" data-widget_type=\"heading.default\">\n\t\t\t\t<div class=\"elementor-widget-container\">\n\t\t\t\t\t<h2 class=\"elementor-heading-title elementor-size-default\">PROGRAMAS DE PROYECTOS INTEGRALES DE EMPLEO PARA PERSONAS DESEMPLEADAS MAYORES DE 52 A\u00d1OS.<\/h2>\t\t\t\t<\/div>\n\t\t\t\t<\/div>\n\t\t\t\t<div class=\"elementor-element elementor-element-9d78ba7 elementor-widget elementor-widget-heading\" data-id=\"9d78ba7\" data-element_type=\"widget\" data-e-type=\"widget\" data-widget_type=\"heading.default\">\n\t\t\t\t<div class=\"elementor-widget-container\">\n\t\t\t\t\t<h2 class=\"elementor-heading-title elementor-size-default\">\u00bfERES MAYOR DE 52 A\u00d1OS Y EST\u00c1S DESEMPLEADO?<br>\n\u00bfBUSCAS TRABAJO?<br>\nDESDE CEPYME ARAG\u00d3N PODEMOS AYUDARTE<\/h2>\t\t\t\t<\/div>\n\t\t\t\t<\/div>\n\t\t<div class=\"elementor-element elementor-element-0334763 e-con-full e-flex e-con e-child\" data-id=\"0334763\" data-element_type=\"container\" data-e-type=\"container\">\n\t\t<div class=\"elementor-element elementor-element-2903104 e-con-full e-flex e-con e-child\" data-id=\"2903104\" data-element_type=\"container\" data-e-type=\"container\">\n\t\t\t\t<div class=\"elementor-element elementor-element-2ed161f elementor-widget elementor-widget-text-editor\" data-id=\"2ed161f\" data-element_type=\"widget\" data-e-type=\"widget\" data-widget_type=\"text-editor.default\">\n\t\t\t\t<div class=\"elementor-widget-container\">\n\t\t\t\t\t\t\t\t\t<h2>\u00bfA QUI\u00c9N VA DIRIGIDO?<\/h2>\t\t\t\t\t\t\t\t<\/div>\n\t\t\t\t<\/div>\n\t\t\t\t<div class=\"elementor-element elementor-element-ec17432 elementor-widget elementor-widget-text-editor\" data-id=\"ec17432\" data-element_type=\"widget\" data-e-type=\"widget\" data-widget_type=\"text-editor.default\">\n\t\t\t\t<div class=\"elementor-widget-container\">\n\t\t\t\t\t\t\t\t\t<h6><span class=\"s1\">A personas mayores de 52 a\u00f1os:<br \/>&#8211; Desempleadas inscritas en INAEM<br \/><\/span>&#8211; O personas trabajadoras fijos-discontinuos en periodo de inactividad e inscritos en INAEM.<\/h6>\t\t\t\t\t\t\t\t<\/div>\n\t\t\t\t<\/div>\n\t\t\t\t<div class=\"elementor-element elementor-element-8035069 elementor-widget elementor-widget-text-editor\" data-id=\"8035069\" data-element_type=\"widget\" data-e-type=\"widget\" data-widget_type=\"text-editor.default\">\n\t\t\t\t<div class=\"elementor-widget-container\">\n\t\t\t\t\t\t\t\t\t<h2>OFRECEMOS<\/h2>\t\t\t\t\t\t\t\t<\/div>\n\t\t\t\t<\/div>\n\t\t\t\t<div class=\"elementor-element elementor-element-82735ac elementor-widget elementor-widget-text-editor\" data-id=\"82735ac\" data-element_type=\"widget\" data-e-type=\"widget\" data-widget_type=\"text-editor.default\">\n\t\t\t\t<div class=\"elementor-widget-container\">\n\t\t\t\t\t\t\t\t\t<h6><span class=\"s1\">Orientaci\u00f3n profesional,<br>\nElaboraci\u00f3n de un itinerario personalizado,<br>\nAsesoramiento y seguimiento personalizado,<br>\nB\u00fasqueda y captaci\u00f3n de ofertas de empleo,<br>\nContacto con empresas e<br>\nIntermediaci\u00f3n laboral de puestos acordes al perfil de las personas participantes en el programa.<\/span><\/h6>\t\t\t\t\t\t\t\t<\/div>\n\t\t\t\t<\/div>\n\t\t\t\t<div class=\"elementor-element elementor-element-7f7645c elementor-widget elementor-widget-text-editor\" data-id=\"7f7645c\" data-element_type=\"widget\" data-e-type=\"widget\" data-widget_type=\"text-editor.default\">\n\t\t\t\t<div class=\"elementor-widget-container\">\n\t\t\t\t\t\t\t\t\t<h2>GRATIS<span style=\"font-size: 16px;\">\u00a0<\/span><\/h2>\t\t\t\t\t\t\t\t<\/div>\n\t\t\t\t<\/div>\n\t\t\t\t<div class=\"elementor-element elementor-element-db0c61f elementor-widget elementor-widget-heading\" data-id=\"db0c61f\" data-element_type=\"widget\" data-e-type=\"widget\" data-widget_type=\"heading.default\">\n\t\t\t\t<div class=\"elementor-widget-container\">\n\t\t\t\t\t<h2 class=\"elementor-heading-title elementor-size-default\">NUESTRO OBJETIVO ES TU OBJETIVO<br>\nMejorar tu empleabilidad y ayudarte a acceder al mercado laboral<\/h2>\t\t\t\t<\/div>\n\t\t\t\t<\/div>\n\t\t\t\t<div class=\"elementor-element elementor-element-2539869 elementor-widget elementor-widget-heading\" data-id=\"2539869\" data-element_type=\"widget\" data-e-type=\"widget\" data-widget_type=\"heading.default\">\n\t\t\t\t<div class=\"elementor-widget-container\">\n\t\t\t\t\t<h2 class=\"elementor-heading-title elementor-size-default\">Programa financiado por el Gobierno de Arag\u00f3n, a trav\u00e9s del Instituto Aragon\u00e9s de Empleo.<\/h2>\t\t\t\t<\/div>\n\t\t\t\t<\/div>\n\t\t\t\t<div class=\"elementor-element elementor-element-e3cdd13 elementor-widget elementor-widget-heading\" data-id=\"e3cdd13\" data-element_type=\"widget\" data-e-type=\"widget\" data-widget_type=\"heading.default\">\n\t\t\t\t<div class=\"elementor-widget-container\">\n\t\t\t\t\t<h2 class=\"elementor-heading-title elementor-size-default\"><b>CONTACTO<\/b><br><br>\nSi est\u00e1s interesad@, inscr\u00edbete en el formulario o contacta con nosotr@s:<br>\nTfno.:<b> 976 766060<\/b> <br>\nPlaza Roma F1, 2\u00aa planta. 50010 Zaragoza<\/h2>\t\t\t\t<\/div>\n\t\t\t\t<\/div>\n\t\t\t\t<\/div>\n\t\t<div class=\"elementor-element elementor-element-6e24541 e-flex e-con-boxed e-con e-child\" data-id=\"6e24541\" data-element_type=\"container\" data-e-type=\"container\" data-settings=\"{&quot;background_background&quot;:&quot;classic&quot;}\">\n\t\t\t\t\t<div class=\"e-con-inner\">\n\t\t\t\t<div class=\"elementor-element elementor-element-bde892e elementor-widget elementor-widget-heading\" data-id=\"bde892e\" data-element_type=\"widget\" data-e-type=\"widget\" data-widget_type=\"heading.default\">\n\t\t\t\t<div class=\"elementor-widget-container\">\n\t\t\t\t\t<h2 class=\"elementor-heading-title elementor-size-default\"><b>FORMULARIO DE INSCRIPCI\u00d3N<\/b><\/h2>\t\t\t\t<\/div>\n\t\t\t\t<\/div>\n\t\t\t\t<div class=\"elementor-element elementor-element-be9a5e5 elementor-widget elementor-widget-heading\" data-id=\"be9a5e5\" data-element_type=\"widget\" data-e-type=\"widget\" data-widget_type=\"heading.default\">\n\t\t\t\t<div class=\"elementor-widget-container\">\n\t\t\t\t\t<h2 class=\"elementor-heading-title elementor-size-default\">Inscripciones<br>Cerradas<\/h2>\t\t\t\t<\/div>\n\t\t\t\t<\/div>\n\t\t\t\t<div class=\"elementor-element elementor-element-67a4b12 elementor-hidden-desktop elementor-hidden-tablet elementor-hidden-mobile elementor-widget elementor-widget-shortcode\" data-id=\"67a4b12\" data-element_type=\"widget\" data-e-type=\"widget\" data-widget_type=\"shortcode.default\">\n\t\t\t\t<div class=\"elementor-widget-container\">\n\t\t\t\t\t\t\t<div class=\"elementor-shortcode\">[contact-form-7 id=\"6acb6e5\" title=\"PRO-IN+52\"]<\/div>\n\t\t\t\t\t\t<\/div>\n\t\t\t\t<\/div>\n\t\t\t\t<div class=\"elementor-element elementor-element-dd46758 e-transform elementor-hidden-desktop elementor-hidden-tablet elementor-hidden-mobile elementor-widget elementor-widget-heading\" data-id=\"dd46758\" data-element_type=\"widget\" data-e-type=\"widget\" data-settings=\"{&quot;_transform_skewX_effect&quot;:{&quot;unit&quot;:&quot;px&quot;,&quot;size&quot;:0,&quot;sizes&quot;:[]},&quot;_transform_skewX_effect_tablet&quot;:{&quot;unit&quot;:&quot;deg&quot;,&quot;size&quot;:&quot;&quot;,&quot;sizes&quot;:[]},&quot;_transform_skewX_effect_mobile&quot;:{&quot;unit&quot;:&quot;deg&quot;,&quot;size&quot;:&quot;&quot;,&quot;sizes&quot;:[]},&quot;_transform_skewY_effect&quot;:{&quot;unit&quot;:&quot;px&quot;,&quot;size&quot;:&quot;&quot;,&quot;sizes&quot;:[]},&quot;_transform_skewY_effect_tablet&quot;:{&quot;unit&quot;:&quot;deg&quot;,&quot;size&quot;:&quot;&quot;,&quot;sizes&quot;:[]},&quot;_transform_skewY_effect_mobile&quot;:{&quot;unit&quot;:&quot;deg&quot;,&quot;size&quot;:&quot;&quot;,&quot;sizes&quot;:[]}}\" data-widget_type=\"heading.default\">\n\t\t\t\t<div class=\"elementor-widget-container\">\n\t\t\t\t\t<h2 class=\"elementor-heading-title elementor-size-default\">Proceso de Selecci\u00f3n<br>CERRADO<\/h2>\t\t\t\t<\/div>\n\t\t\t\t<\/div>\n\t\t\t\t\t<\/div>\n\t\t\t\t<\/div>\n\t\t\t\t<\/div>\n\t\t\t\t<\/div>\n\t\t<div class=\"elementor-element elementor-element-5601623 e-flex e-con-boxed e-con e-parent\" data-id=\"5601623\" data-element_type=\"container\" data-e-type=\"container\" data-settings=\"{&quot;background_background&quot;:&quot;classic&quot;}\">\n\t\t\t\t\t<div class=\"e-con-inner\">\n\t\t\t\t<div class=\"elementor-element elementor-element-94a632e elementor-widget__width-initial elementor-widget elementor-widget-heading\" data-id=\"94a632e\" data-element_type=\"widget\" data-e-type=\"widget\" data-widget_type=\"heading.default\">\n\t\t\t\t<div class=\"elementor-widget-container\">\n\t\t\t\t\t<h2 class=\"elementor-heading-title elementor-size-default\">CEPYME Arag\u00f3n - Plaza Roma F-1 (oficinas) 2\u00aa Planta. 50010 - Zaragoza<\/h2>\t\t\t\t<\/div>\n\t\t\t\t<\/div>\n\t\t\t\t<div class=\"elementor-element elementor-element-1c5fc1e elementor-widget elementor-widget-image\" data-id=\"1c5fc1e\" data-element_type=\"widget\" data-e-type=\"widget\" data-widget_type=\"image.default\">\n\t\t\t\t<div class=\"elementor-widget-container\">\n\t\t\t\t\t\t\t\t\t\t\t\t\t\t\t\t<a href=\"https:\/\/twitter.com\/@cepymearagon\">\n\t\t\t\t\t\t\t<img decoding=\"async\" width=\"208\" height=\"208\" src=\"https:\/\/buscoempleo.cepymearagon.es\/wp-content\/uploads\/2024\/04\/fffffffTransp_X-Twitter.png\" class=\"attachment-large size-large wp-image-3896\" alt=\"\" srcset=\"https:\/\/buscoempleo.cepymearagon.es\/wp-content\/uploads\/2024\/04\/fffffffTransp_X-Twitter.png 208w, https:\/\/buscoempleo.cepymearagon.es\/wp-content\/uploads\/2024\/04\/fffffffTransp_X-Twitter-150x150.png 150w\" sizes=\"(max-width: 208px) 100vw, 208px\" \/>\t\t\t\t\t\t\t\t<\/a>\n\t\t\t\t\t\t\t\t\t\t\t\t\t\t\t<\/div>\n\t\t\t\t<\/div>\n\t\t\t\t<div class=\"elementor-element elementor-element-dda40e5 elementor-widget elementor-widget-image\" data-id=\"dda40e5\" data-element_type=\"widget\" data-e-type=\"widget\" data-widget_type=\"image.default\">\n\t\t\t\t<div class=\"elementor-widget-container\">\n\t\t\t\t\t\t\t\t\t\t\t\t\t\t\t\t<a href=\"https:\/\/www.facebook.com\/CepymeAragon\">\n\t\t\t\t\t\t\t<img decoding=\"async\" width=\"208\" height=\"208\" src=\"https:\/\/buscoempleo.cepymearagon.es\/wp-content\/uploads\/2024\/04\/fffffffTransp_Facebook.png\" class=\"attachment-large size-large wp-image-3891\" alt=\"\" srcset=\"https:\/\/buscoempleo.cepymearagon.es\/wp-content\/uploads\/2024\/04\/fffffffTransp_Facebook.png 208w, https:\/\/buscoempleo.cepymearagon.es\/wp-content\/uploads\/2024\/04\/fffffffTransp_Facebook-150x150.png 150w\" sizes=\"(max-width: 208px) 100vw, 208px\" \/>\t\t\t\t\t\t\t\t<\/a>\n\t\t\t\t\t\t\t\t\t\t\t\t\t\t\t<\/div>\n\t\t\t\t<\/div>\n\t\t\t\t<div class=\"elementor-element elementor-element-42d40e8 elementor-widget elementor-widget-image\" data-id=\"42d40e8\" data-element_type=\"widget\" data-e-type=\"widget\" data-widget_type=\"image.default\">\n\t\t\t\t<div class=\"elementor-widget-container\">\n\t\t\t\t\t\t\t\t\t\t\t\t\t\t\t\t<a href=\"https:\/\/www.instagram.com\/cepymearagon\">\n\t\t\t\t\t\t\t<img loading=\"lazy\" decoding=\"async\" width=\"208\" height=\"208\" src=\"https:\/\/buscoempleo.cepymearagon.es\/wp-content\/uploads\/2024\/04\/fffffffTransp_Instagram.png\" class=\"attachment-large size-large wp-image-3892\" alt=\"\" srcset=\"https:\/\/buscoempleo.cepymearagon.es\/wp-content\/uploads\/2024\/04\/fffffffTransp_Instagram.png 208w, https:\/\/buscoempleo.cepymearagon.es\/wp-content\/uploads\/2024\/04\/fffffffTransp_Instagram-150x150.png 150w\" sizes=\"(max-width: 208px) 100vw, 208px\" \/>\t\t\t\t\t\t\t\t<\/a>\n\t\t\t\t\t\t\t\t\t\t\t\t\t\t\t<\/div>\n\t\t\t\t<\/div>\n\t\t\t\t<div class=\"elementor-element elementor-element-6947878 elementor-widget elementor-widget-image\" data-id=\"6947878\" data-element_type=\"widget\" data-e-type=\"widget\" data-widget_type=\"image.default\">\n\t\t\t\t<div class=\"elementor-widget-container\">\n\t\t\t\t\t\t\t\t\t\t\t\t\t\t\t\t<a href=\"https:\/\/www.linkedin.com\/company\/confederacion-peque-a-y-mediana-empresa-aragonesa\">\n\t\t\t\t\t\t\t<img loading=\"lazy\" decoding=\"async\" width=\"208\" height=\"208\" src=\"https:\/\/buscoempleo.cepymearagon.es\/wp-content\/uploads\/2024\/04\/fffffffTransp_LinkedIn.png\" class=\"attachment-large size-large wp-image-3893\" alt=\"\" srcset=\"https:\/\/buscoempleo.cepymearagon.es\/wp-content\/uploads\/2024\/04\/fffffffTransp_LinkedIn.png 208w, https:\/\/buscoempleo.cepymearagon.es\/wp-content\/uploads\/2024\/04\/fffffffTransp_LinkedIn-150x150.png 150w\" sizes=\"(max-width: 208px) 100vw, 208px\" \/>\t\t\t\t\t\t\t\t<\/a>\n\t\t\t\t\t\t\t\t\t\t\t\t\t\t\t<\/div>\n\t\t\t\t<\/div>\n\t\t\t\t\t<\/div>\n\t\t\t\t<\/div>\n\t\t\t\t<\/div>\n\t\t","protected":false},"excerpt":{"rendered":"<p>PROGRAMAS DE PROYECTOS INTEGRALES DE EMPLEO PARA PERSONAS DESEMPLEADAS MAYORES DE 52 A\u00d1OS. \u00bfERES MAYOR DE 52 A\u00d1OS Y EST\u00c1S DESEMPLEADO? \u00bfBUSCAS TRABAJO? DESDE CEPYME ARAG\u00d3N PODEMOS AYUDARTE \u00bfA QUI\u00c9N VA DIRIGIDO? A personas mayores de 52 a\u00f1os:&#8211; Desempleadas inscritas en INAEM&#8211; O personas trabajadoras fijos-discontinuos en periodo de inactividad e inscritos en INAEM. OFRECEMOS [&hellip;]<\/p>\n","protected":false},"author":1,"featured_media":4084,"parent":0,"menu_order":0,"comment_status":"closed","ping_status":"closed","template":"elementor_canvas","meta":{"footnotes":""},"class_list":["post-3994","page","type-page","status-publish","has-post-thumbnail","hentry"],"jetpack_sharing_enabled":true,"_links":{"self":[{"href":"https:\/\/buscoempleo.cepymearagon.es\/index.php\/wp-json\/wp\/v2\/pages\/3994","targetHints":{"allow":["GET"]}}],"collection":[{"href":"https:\/\/buscoempleo.cepymearagon.es\/index.php\/wp-json\/wp\/v2\/pages"}],"about":[{"href":"https:\/\/buscoempleo.cepymearagon.es\/index.php\/wp-json\/wp\/v2\/types\/page"}],"author":[{"embeddable":true,"href":"https:\/\/buscoempleo.cepymearagon.es\/index.php\/wp-json\/wp\/v2\/users\/1"}],"replies":[{"embeddable":true,"href":"https:\/\/buscoempleo.cepymearagon.es\/index.php\/wp-json\/wp\/v2\/comments?post=3994"}],"version-history":[{"count":32,"href":"https:\/\/buscoempleo.cepymearagon.es\/index.php\/wp-json\/wp\/v2\/pages\/3994\/revisions"}],"predecessor-version":[{"id":4171,"href":"https:\/\/buscoempleo.cepymearagon.es\/index.php\/wp-json\/wp\/v2\/pages\/3994\/revisions\/4171"}],"wp:featuredmedia":[{"embeddable":true,"href":"https:\/\/buscoempleo.cepymearagon.es\/index.php\/wp-json\/wp\/v2\/media\/4084"}],"wp:attachment":[{"href":"https:\/\/buscoempleo.cepymearagon.es\/index.php\/wp-json\/wp\/v2\/media?parent=3994"}],"curies":[{"name":"wp","href":"https:\/\/api.w.org\/{rel}","templated":true}]}}